{"id":20051,"date":"2023-07-26T11:51:25","date_gmt":"2023-07-26T11:51:25","guid":{"rendered":"https:\/\/vimaxlens.com\/politica-de-galetes\/"},"modified":"2023-09-07T14:20:48","modified_gmt":"2023-09-07T14:20:48","slug":"politica-de-galetes","status":"publish","type":"page","link":"https:\/\/vimaxlens.com\/ca\/politica-de-galetes\/","title":{"rendered":"Pol\u00edtica de galetes"},"content":{"rendered":"\n<p>Aquest lloc web fa servir galetes pr\u00f2pies, de tercers i anal\u00edtiques estrictament necess\u00e0ries per optimitzar la navegaci\u00f3 i millorar l&#8217;experi\u00e8ncia d&#8217;usuari.<\/p>\n\n<p>Amb la mera navegaci\u00f3 (amb el navegador habilitat per acceptar galetes), l&#8217;usuari accepta la instal\u00b7laci\u00f3 de galetes, llevat que s&#8217;hi oposi, tal com es detalla en aquesta Pol\u00edtica de galetes.<\/p>\n\n<p>Si vols obtenir m\u00e9s informaci\u00f3 sobre les galetes que fem servir al lloc web, envia un correu electr\u00f2nic a l&#8217;adre\u00e7a seg\u00fcent:\u00a0<a href=\"mailto:grupoprats@grupoprats.info\">grupoprats@grupoprats.info<\/a><\/p>\n\n<p><strong>Qu\u00e8 \u00e9s una galeta?<\/strong><\/p>\n\n<p>Una &#8220;galeta&#8221; \u00e9s un petit arxiu de text que un lloc web emmagatzema al navegador de l&#8217;usuari. Les galetes faciliten l&#8217;\u00fas i la navegaci\u00f3 pel web. S\u00f3n essencials per al funcionament d&#8217;Internet, aportant innumerables avantatges en la prestaci\u00f3 de serveis interactius.<\/p>\n\n<p>Les galetes es fan servir, per exemple, per gestionar la sessi\u00f3 de l&#8217;usuari (reduint el nombre de vegades que ha d&#8217;introduir la contrasenya), millorar els serveis oferts o adequar els continguts d&#8217;una p\u00e0gina web a les seves prefer\u00e8ncies.<\/p>\n\n<p>Hi ha diferents tipus de galetes:<\/p>\n\n<ul class=\"wp-block-list\">\n<li><strong>Galetes de sessi\u00f3:<\/strong>\u00a0s&#8217;esborraran quan l&#8217;usuari abandoni la p\u00e0gina web que les va generar.<\/li>\n\n\n\n<li><strong>Galetes persistents:<\/strong>\u00a0romanen a l&#8217;ordinador fins a una data determinada.<\/li>\n<\/ul>\n\n<p><strong>Relaci\u00f3 de galetes utilitzades al nostre web<\/strong><\/p>\n\n<ul class=\"wp-block-list\">\n<li><strong>Galetes pr\u00f2pies:<\/strong>\u00a0s\u00f3n galetes generades per la mateixa p\u00e0gina web que s&#8217;est\u00e0 visitant. Es poden utilitzar per a finalitats t\u00e8cniques (tamb\u00e9 denominades estrictament necess\u00e0ries) i s\u00f3n necess\u00e0ries per a un funcionament correcte de la web o per a la personalitzaci\u00f3, fent possible que l&#8217;usuari pugui configurar aspectes com ara l&#8217;idioma de la web, etc.<\/li>\n\n\n\n<li><strong>Galetes de tercers:<\/strong>\u00a0per exemple, les utilitzades per a l&#8217;acceptaci\u00f3 de la Pol\u00edtica de galetes. En pr\u00e9mer el bot\u00f3 &#8220;Accepto&#8221;, aquestes galetes faran que no es mostri el quadre d&#8217;av\u00eds a la pantalla cada vegada que entris al lloc web.<\/li>\n<\/ul>\n\n<ul class=\"wp-block-list\">\n<li><strong>Galetes anal\u00edtiques:<\/strong>\u00a0aquest tipus de galetes s&#8217;utilitzen per recopilar dades estad\u00edstiques de l&#8217;activitat al lloc web mitjan\u00e7ant Google Analytics, amb el prop\u00f2sit de garantir el millor servei possible a l&#8217;usuari.<\/li>\n<\/ul>\n\n<p>Si vols obtenir m\u00e9s informaci\u00f3 sobre el tipus de galetes que fa servir Google i com les utilitza, visita l&#8217;enlla\u00e7 seg\u00fcent:\u00a0<a href=\"http:\/\/www.google.es\/intl\/es\/policies\/technologies\/cookies\/\" target=\"_blank\" rel=\"noreferrer noopener\">www.google.es\/intl\/ca\/policies\/technologies\/cookies\/<\/a><\/p>\n\n<p><strong>Garanties i opcions sobre les galetes<\/strong><\/p>\n\n<p>En tot moment, i com a m\u00ednim durant la instal\u00b7laci\u00f3 o l&#8217;actualitzaci\u00f3 del navegador, l&#8217;usuari t\u00e9 la possibilitat d&#8217;acceptar o rebutjar la instal\u00b7laci\u00f3 de galetes, o b\u00e9 rebutjar la instal\u00b7laci\u00f3 d&#8217;un tipus de galetes determinat, com ara les galetes de tercers. A m\u00e9s, despr\u00e9s de cada sessi\u00f3 pot eliminar totes o algunes de les galetes emmagatzemades.<\/p>\n\n<p>Aix\u00ed mateix, l&#8217;usuari pot activar:<\/p>\n\n<ul class=\"wp-block-list\">\n<li><strong>La navegaci\u00f3 privada:<\/strong>\u00a0mitjan\u00e7ant la qual el navegador deixa de desar l&#8217;historial de navegaci\u00f3, les contrasenyes dels llocs web, les galetes i altra informaci\u00f3 de les p\u00e0gines que visita.<\/li>\n\n\n\n<li><strong>La funci\u00f3 de no rastrejar:<\/strong>\u00a0mitjan\u00e7ant la qual el navegador demana als llocs web que visita que no rastregin els seus h\u00e0bits de navegaci\u00f3 per, per exemple, oferir-li publicitat del seu inter\u00e8s en aquests llocs web.<\/li>\n<\/ul>\n\n<p>Et recomanem que consultis l&#8217;ajuda del teu navegador per informar-te de les diferents opcions sobre com gestionar les galetes.<\/p>\n\n<p>Tot seguit incloem els enlla\u00e7os per gestionar galetes als navegadors m\u00e9s rellevants:<\/p>\n\n<ul class=\"wp-block-list\">\n<li><strong>Internet Explorer:<\/strong>\u00a0<a href=\"http:\/\/windows.microsoft.com\/es-ES\/windows-vista\/Block-or-allow-cookies\">windows.microsoft.com\/es-ES\/windows-vista\/Block-or-allow-cookies<\/a><\/li>\n\n\n\n<li><strong>Firefox:<\/strong>\u00a0<a href=\"http:\/\/support.mozilla.org\/es\/kb\/habilitar-y-deshabilitar-cookies-que-los-sitios-we\">support.mozilla.org\/es\/kb\/habilitar-y-deshabilitar-cookies-que-los-sitios-we<\/a><\/li>\n\n\n\n<li><strong>Safari:<\/strong>\u00a0<a href=\"http:\/\/support.apple.com\/kb\/HT1677?viewlocale=es_ES&amp;locale=es_ES\">support.apple.com\/kb\/HT1677?viewlocale=es_ES&amp;locale=es_ES<\/a><\/li>\n\n\n\n<li><strong>Google Chrome:<\/strong>\u00a0<a href=\"http:\/\/support.google.com\/chrome\/answer\/95647?hl=es\">https:\/\/support.google.com\/chrome\/answer\/95647?hl=ca&amp;sjid=17900228549913572791-EU<\/a><\/li>\n<\/ul>\n\n<p>Tingues en compte que el bloqueig de galetes pot afectar totes o algunes de les funcionalitats del nostre lloc web.<\/p>\n\n<p>Seguidament, detallem les galetes utilitzades al nostre lloc web:<\/p>\n\n<figure class=\"wp-block-table\"><table><tbody><tr><td><strong>NOM<\/strong><\/td><td><strong>DOMINI<\/strong><\/td><td><strong>FINALITAT<\/strong><\/td><\/tr><tr><td><br\/>NID<br\/>PREF<br\/>_utma<br\/>_utmb<br\/>_utmc<br\/>_utmt<br\/>_utmz<br\/>APISID<br\/>CONSENT<br\/>HSID<br\/>SAPISID<br\/>SSID<br\/><\/td><td><strong>google.com<\/strong><\/td><td>Aquest tipus de galetes s&#8217;utilitzen per recopilar dades estad\u00edstiques de l&#8217;activitat al lloc web mitjan\u00e7ant Google Analytics.<\/td><\/tr><tr><td><br\/>cookiesDirective<\/td><td><strong>cookiesdirective.com<\/strong><\/td><td>L&#8217;usuari rebr\u00e0 un av\u00eds que el lloc web est\u00e0 fent servir galetes cada cop que accedeixi a una nova p\u00e0gina del web, at\u00e8s que el navegador no podr\u00e0 recordar la resposta a aquest av\u00eds que s&#8217;hagu\u00e9s produ\u00eft pr\u00e8viament. L&#8217;acceptaci\u00f3 d&#8217;aquestes galetes suposa que podr\u00e0 continuar utilitzant els serveis del web sense restriccions.<\/td><\/tr><\/tbody><\/table><\/figure>\n\n<p><\/p>\n","protected":false},"excerpt":{"rendered":"<p>Aquest lloc web fa servir galetes pr\u00f2pies, de tercers i anal\u00edtiques estrictament necess\u00e0ries per optimitzar la navegaci\u00f3 i millorar l&#8217;experi\u00e8ncia d&#8217;usuari. Amb la mera navegaci\u00f3 (amb el navegador habilitat per acceptar galetes), l&#8217;usuari accepta la instal\u00b7laci\u00f3 de galetes, llevat que s&#8217;hi oposi, tal com es detalla en aquesta Pol\u00edtica de galetes. Si vols obtenir m\u00e9s [&hellip;]<\/p>\n","protected":false},"author":2,"featured_media":0,"parent":0,"menu_order":0,"comment_status":"closed","ping_status":"closed","template":"page-full-width.php","meta":{"footnotes":""},"class_list":["post-20051","page","type-page","status-publish","hentry"],"yoast_head":"<!-- This site is optimized with the Yoast SEO plugin v21.5 - https:\/\/yoast.com\/wordpress\/plugins\/seo\/ -->\n<title>Pol\u00edtica de galetes - VIMAX<\/title>\n<meta name=\"description\" content=\"Aquest lloc web fa servir galetes pr\u00f2pies, de tercers i anal\u00edtiques estrictament necess\u00e0ries per optimitzar la navegaci\u00f3 i millorar l&#039;experi\u00e8ncia d&#039;usuari.\" \/>\n<meta name=\"robots\" content=\"index, follow, max-snippet:-1, max-image-preview:large, max-video-preview:-1\" \/>\n<link rel=\"canonical\" href=\"https:\/\/vimaxlens.com\/ca\/politica-de-galetes\/\" \/>\n<meta property=\"og:locale\" content=\"ca_ES\" \/>\n<meta property=\"og:type\" content=\"article\" \/>\n<meta property=\"og:title\" content=\"Pol\u00edtica de galetes - VIMAX\" \/>\n<meta property=\"og:description\" content=\"Aquest lloc web fa servir galetes pr\u00f2pies, de tercers i anal\u00edtiques estrictament necess\u00e0ries per optimitzar la navegaci\u00f3 i millorar l&#039;experi\u00e8ncia d&#039;usuari.\" \/>\n<meta property=\"og:url\" content=\"https:\/\/vimaxlens.com\/ca\/politica-de-galetes\/\" \/>\n<meta property=\"og:site_name\" content=\"VIMAX\" \/>\n<meta property=\"article:publisher\" content=\"https:\/\/www.facebook.com\/vimaxlens\" \/>\n<meta property=\"article:modified_time\" content=\"2023-09-07T14:20:48+00:00\" \/>\n<meta property=\"og:image\" content=\"https:\/\/vimaxlens.com\/wp-content\/uploads\/2023\/05\/usos-vision-abecera-e1684492949294.png\" \/>\n\t<meta property=\"og:image:width\" content=\"1399\" \/>\n\t<meta property=\"og:image:height\" content=\"689\" \/>\n\t<meta property=\"og:image:type\" content=\"image\/png\" \/>\n<meta name=\"twitter:card\" content=\"summary_large_image\" \/>\n<meta name=\"twitter:label1\" content=\"Temps estimat de lectura\" \/>\n\t<meta name=\"twitter:data1\" content=\"4 minuts\" \/>\n<script type=\"application\/ld+json\" class=\"yoast-schema-graph\">{\"@context\":\"https:\/\/schema.org\",\"@graph\":[{\"@type\":\"WebPage\",\"@id\":\"https:\/\/vimaxlens.com\/ca\/politica-de-galetes\/\",\"url\":\"https:\/\/vimaxlens.com\/ca\/politica-de-galetes\/\",\"name\":\"Pol\u00edtica de galetes - VIMAX\",\"isPartOf\":{\"@id\":\"https:\/\/vimaxlens.com\/ca\/#website\"},\"datePublished\":\"2023-07-26T11:51:25+00:00\",\"dateModified\":\"2023-09-07T14:20:48+00:00\",\"description\":\"Aquest lloc web fa servir galetes pr\u00f2pies, de tercers i anal\u00edtiques estrictament necess\u00e0ries per optimitzar la navegaci\u00f3 i millorar l'experi\u00e8ncia d'usuari.\",\"breadcrumb\":{\"@id\":\"https:\/\/vimaxlens.com\/ca\/politica-de-galetes\/#breadcrumb\"},\"inLanguage\":\"ca\",\"potentialAction\":[{\"@type\":\"ReadAction\",\"target\":[\"https:\/\/vimaxlens.com\/ca\/politica-de-galetes\/\"]}]},{\"@type\":\"BreadcrumbList\",\"@id\":\"https:\/\/vimaxlens.com\/ca\/politica-de-galetes\/#breadcrumb\",\"itemListElement\":[{\"@type\":\"ListItem\",\"position\":1,\"name\":\"Portada\",\"item\":\"https:\/\/vimaxlens.com\/ca\/\"},{\"@type\":\"ListItem\",\"position\":2,\"name\":\"Pol\u00edtica de galetes\"}]},{\"@type\":\"WebSite\",\"@id\":\"https:\/\/vimaxlens.com\/ca\/#website\",\"url\":\"https:\/\/vimaxlens.com\/ca\/\",\"name\":\"VIMAX\",\"description\":\"Vision to the max\",\"publisher\":{\"@id\":\"https:\/\/vimaxlens.com\/ca\/#organization\"},\"alternateName\":\"VIMAX\",\"potentialAction\":[{\"@type\":\"SearchAction\",\"target\":{\"@type\":\"EntryPoint\",\"urlTemplate\":\"https:\/\/vimaxlens.com\/ca\/?s={search_term_string}\"},\"query-input\":\"required name=search_term_string\"}],\"inLanguage\":\"ca\"},{\"@type\":\"Organization\",\"@id\":\"https:\/\/vimaxlens.com\/ca\/#organization\",\"name\":\"VIMAX\",\"alternateName\":\"VIMAX\",\"url\":\"https:\/\/vimaxlens.com\/ca\/\",\"logo\":{\"@type\":\"ImageObject\",\"inLanguage\":\"ca\",\"@id\":\"https:\/\/vimaxlens.com\/ca\/#\/schema\/logo\/image\/\",\"url\":\"https:\/\/vimaxlens.com\/wp-content\/uploads\/2023\/05\/favicon.jpg\",\"contentUrl\":\"https:\/\/vimaxlens.com\/wp-content\/uploads\/2023\/05\/favicon.jpg\",\"width\":282,\"height\":284,\"caption\":\"VIMAX\"},\"image\":{\"@id\":\"https:\/\/vimaxlens.com\/ca\/#\/schema\/logo\/image\/\"},\"sameAs\":[\"https:\/\/www.facebook.com\/vimaxlens\",\"https:\/\/www.instagram.com\/Vimaxlens\/\"]}]}<\/script>\n<!-- \/ Yoast SEO plugin. -->","yoast_head_json":{"title":"Pol\u00edtica de galetes - VIMAX","description":"Aquest lloc web fa servir galetes pr\u00f2pies, de tercers i anal\u00edtiques estrictament necess\u00e0ries per optimitzar la navegaci\u00f3 i millorar l'experi\u00e8ncia d'usuari.","robots":{"index":"index","follow":"follow","max-snippet":"max-snippet:-1","max-image-preview":"max-image-preview:large","max-video-preview":"max-video-preview:-1"},"canonical":"https:\/\/vimaxlens.com\/ca\/politica-de-galetes\/","og_locale":"ca_ES","og_type":"article","og_title":"Pol\u00edtica de galetes - VIMAX","og_description":"Aquest lloc web fa servir galetes pr\u00f2pies, de tercers i anal\u00edtiques estrictament necess\u00e0ries per optimitzar la navegaci\u00f3 i millorar l'experi\u00e8ncia d'usuari.","og_url":"https:\/\/vimaxlens.com\/ca\/politica-de-galetes\/","og_site_name":"VIMAX","article_publisher":"https:\/\/www.facebook.com\/vimaxlens","article_modified_time":"2023-09-07T14:20:48+00:00","og_image":[{"width":1399,"height":689,"url":"https:\/\/vimaxlens.com\/wp-content\/uploads\/2023\/05\/usos-vision-abecera-e1684492949294.png","type":"image\/png"}],"twitter_card":"summary_large_image","twitter_misc":{"Temps estimat de lectura":"4 minuts"},"schema":{"@context":"https:\/\/schema.org","@graph":[{"@type":"WebPage","@id":"https:\/\/vimaxlens.com\/ca\/politica-de-galetes\/","url":"https:\/\/vimaxlens.com\/ca\/politica-de-galetes\/","name":"Pol\u00edtica de galetes - VIMAX","isPartOf":{"@id":"https:\/\/vimaxlens.com\/ca\/#website"},"datePublished":"2023-07-26T11:51:25+00:00","dateModified":"2023-09-07T14:20:48+00:00","description":"Aquest lloc web fa servir galetes pr\u00f2pies, de tercers i anal\u00edtiques estrictament necess\u00e0ries per optimitzar la navegaci\u00f3 i millorar l'experi\u00e8ncia d'usuari.","breadcrumb":{"@id":"https:\/\/vimaxlens.com\/ca\/politica-de-galetes\/#breadcrumb"},"inLanguage":"ca","potentialAction":[{"@type":"ReadAction","target":["https:\/\/vimaxlens.com\/ca\/politica-de-galetes\/"]}]},{"@type":"BreadcrumbList","@id":"https:\/\/vimaxlens.com\/ca\/politica-de-galetes\/#breadcrumb","itemListElement":[{"@type":"ListItem","position":1,"name":"Portada","item":"https:\/\/vimaxlens.com\/ca\/"},{"@type":"ListItem","position":2,"name":"Pol\u00edtica de galetes"}]},{"@type":"WebSite","@id":"https:\/\/vimaxlens.com\/ca\/#website","url":"https:\/\/vimaxlens.com\/ca\/","name":"VIMAX","description":"Vision to the max","publisher":{"@id":"https:\/\/vimaxlens.com\/ca\/#organization"},"alternateName":"VIMAX","potentialAction":[{"@type":"SearchAction","target":{"@type":"EntryPoint","urlTemplate":"https:\/\/vimaxlens.com\/ca\/?s={search_term_string}"},"query-input":"required name=search_term_string"}],"inLanguage":"ca"},{"@type":"Organization","@id":"https:\/\/vimaxlens.com\/ca\/#organization","name":"VIMAX","alternateName":"VIMAX","url":"https:\/\/vimaxlens.com\/ca\/","logo":{"@type":"ImageObject","inLanguage":"ca","@id":"https:\/\/vimaxlens.com\/ca\/#\/schema\/logo\/image\/","url":"https:\/\/vimaxlens.com\/wp-content\/uploads\/2023\/05\/favicon.jpg","contentUrl":"https:\/\/vimaxlens.com\/wp-content\/uploads\/2023\/05\/favicon.jpg","width":282,"height":284,"caption":"VIMAX"},"image":{"@id":"https:\/\/vimaxlens.com\/ca\/#\/schema\/logo\/image\/"},"sameAs":["https:\/\/www.facebook.com\/vimaxlens","https:\/\/www.instagram.com\/Vimaxlens\/"]}]}},"_links":{"self":[{"href":"https:\/\/vimaxlens.com\/ca\/wp-json\/wp\/v2\/pages\/20051","targetHints":{"allow":["GET"]}}],"collection":[{"href":"https:\/\/vimaxlens.com\/ca\/wp-json\/wp\/v2\/pages"}],"about":[{"href":"https:\/\/vimaxlens.com\/ca\/wp-json\/wp\/v2\/types\/page"}],"author":[{"embeddable":true,"href":"https:\/\/vimaxlens.com\/ca\/wp-json\/wp\/v2\/users\/2"}],"replies":[{"embeddable":true,"href":"https:\/\/vimaxlens.com\/ca\/wp-json\/wp\/v2\/comments?post=20051"}],"version-history":[{"count":1,"href":"https:\/\/vimaxlens.com\/ca\/wp-json\/wp\/v2\/pages\/20051\/revisions"}],"predecessor-version":[{"id":20052,"href":"https:\/\/vimaxlens.com\/ca\/wp-json\/wp\/v2\/pages\/20051\/revisions\/20052"}],"wp:attachment":[{"href":"https:\/\/vimaxlens.com\/ca\/wp-json\/wp\/v2\/media?parent=20051"}],"curies":[{"name":"wp","href":"https:\/\/api.w.org\/{rel}","templated":true}]}}