{"id":20099,"date":"2022-09-02T14:24:09","date_gmt":"2022-09-02T14:24:09","guid":{"rendered":"https:\/\/vimaxlens.com\/cercador-doptiques\/"},"modified":"2023-11-16T11:17:08","modified_gmt":"2023-11-16T11:17:08","slug":"cercador-doptiques","status":"publish","type":"page","link":"https:\/\/vimaxlens.com\/ca\/cercador-doptiques\/","title":{"rendered":"Cercador d&#8217;\u00f2ptiques"},"content":{"rendered":"\t\t<div data-elementor-type=\"wp-page\" data-elementor-id=\"20099\" class=\"elementor elementor-20099 elementor-15809\">\n\t\t\t\t\t\t\t\t\t<section class=\"elementor-section elementor-top-section elementor-element elementor-element-1942285b elementor-section-full_width elementor-section-content-middle elementor-section-stretched elementor-reverse-mobile elementor-section-height-default elementor-section-height-default qodef-elementor-content-no\" data-id=\"1942285b\" data-element_type=\"section\" data-settings=\"{&quot;background_background&quot;:&quot;classic&quot;,&quot;stretch_section&quot;:&quot;section-stretched&quot;}\">\n\t\t\t\t\t\t<div class=\"elementor-container elementor-column-gap-default\">\n\t\t\t\t\t<div class=\"qodef-background-text elementor-column elementor-col-50 elementor-top-column elementor-element elementor-element-5d921b5f\" data-id=\"5d921b5f\" data-element_type=\"column\" data-settings=\"{&quot;background_background&quot;:&quot;classic&quot;}\">\n\t\t\t<div class=\"elementor-widget-wrap elementor-element-populated\">\n\t\t\t\t\t\t\t\t<div class=\"elementor-element elementor-element-4944b94a elementor-widget__width-inherit elementor-widget elementor-widget-archicon_core_section_title\" data-id=\"4944b94a\" data-element_type=\"widget\" data-widget_type=\"archicon_core_section_title.default\">\n\t\t\t\t<div class=\"elementor-widget-container\">\n\t\t\t<div class=\"qodef-shortcode qodef-m  qodef-section-title qodef-alignment--left qodef-alignment-responsive--left  qodef-has-appear\"  >\n\t\t\t<h2 class=\"qodef-m-title\" style=\"color: #FFFFFF;font-weight: 700;text-transform: uppercase\">\n\t<span class=\"qodef-m-title-inner\" style=\"--qodef-st-custom-fs: 60px;--qodef-st-custom-fs-1680: 60px;--qodef-st-custom-lh-1680: 1;--qodef-st-custom-fs-1440: 60px;--qodef-st-custom-lh-1440: 1;--qodef-st-custom-fs-1366: 50px;--qodef-st-custom-lh-1366: 1;--qodef-st-custom-fs-1024: 50px;--qodef-st-custom-lh-1024: 1;--qodef-st-custom-fs-768: 40px;--qodef-st-custom-lh-768: 1;--qodef-st-custom-lh: 60px\">\n\t\t\tCERCADOR <br>D'\u00d2PTIQUES\t\t<\/span>\n\t<\/h2>\n\t\t<h4 class=\"qodef-m-text\" style=\"margin-top: 10px;color: #FFFFFF\">\n\t\tTroba la teva \u00f2ptica VIMAX m\u00e9s propera\t<\/h4>\n\t<\/div>\n\t\t<\/div>\n\t\t\t\t<\/div>\n\t\t\t\t\t<\/div>\n\t\t<\/div>\n\t\t\t\t<div class=\"elementor-column elementor-col-50 elementor-top-column elementor-element elementor-element-3cb6c7d5\" data-id=\"3cb6c7d5\" data-element_type=\"column\" data-settings=\"{&quot;background_background&quot;:&quot;slideshow&quot;,&quot;background_slideshow_gallery&quot;:[{&quot;id&quot;:17880,&quot;url&quot;:&quot;https:\\\/\\\/vimaxlens.com\\\/wp-content\\\/uploads\\\/2023\\\/05\\\/buscador-opticas2.jpg&quot;}],&quot;background_slideshow_slide_duration&quot;:5000,&quot;background_slideshow_slide_transition&quot;:&quot;fade&quot;,&quot;background_slideshow_transition_duration&quot;:500}\">\n\t\t\t<div class=\"elementor-widget-wrap elementor-element-populated\">\n\t\t\t\t\t\t\t\t\t<\/div>\n\t\t<\/div>\n\t\t\t\t\t\t\t<\/div>\n\t\t<\/section>\n\t\t\t\t<section class=\"elementor-section elementor-inner-section elementor-element elementor-element-237cc5a elementor-section-boxed elementor-section-height-default elementor-section-height-default qodef-elementor-content-no\" data-id=\"237cc5a\" data-element_type=\"section\" data-settings=\"{&quot;background_background&quot;:&quot;classic&quot;}\">\n\t\t\t\t\t\t<div class=\"elementor-container elementor-column-gap-default\">\n\t\t\t\t\t<div class=\"elementor-column elementor-col-100 elementor-inner-column elementor-element elementor-element-af609bb\" data-id=\"af609bb\" data-element_type=\"column\" data-settings=\"{&quot;background_background&quot;:&quot;classic&quot;}\">\n\t\t\t<div class=\"elementor-widget-wrap elementor-element-populated\">\n\t\t\t\t\t\t\t\t<div class=\"elementor-element elementor-element-cd651bf elementor-widget elementor-widget-spacer\" data-id=\"cd651bf\" data-element_type=\"widget\" data-widget_type=\"spacer.default\">\n\t\t\t\t<div class=\"elementor-widget-container\">\n\t\t\t<style>\/*! elementor - v3.16.0 - 17-10-2023 *\/\n.elementor-column .elementor-spacer-inner{height:var(--spacer-size)}.e-con{--container-widget-width:100%}.e-con-inner>.elementor-widget-spacer,.e-con>.elementor-widget-spacer{width:var(--container-widget-width,var(--spacer-size));--align-self:var(--container-widget-align-self,initial);--flex-shrink:0}.e-con-inner>.elementor-widget-spacer>.elementor-widget-container,.e-con>.elementor-widget-spacer>.elementor-widget-container{height:100%;width:100%}.e-con-inner>.elementor-widget-spacer>.elementor-widget-container>.elementor-spacer,.e-con>.elementor-widget-spacer>.elementor-widget-container>.elementor-spacer{height:100%}.e-con-inner>.elementor-widget-spacer>.elementor-widget-container>.elementor-spacer>.elementor-spacer-inner,.e-con>.elementor-widget-spacer>.elementor-widget-container>.elementor-spacer>.elementor-spacer-inner{height:var(--container-widget-height,var(--spacer-size))}.e-con-inner>.elementor-widget-spacer.elementor-widget-empty,.e-con>.elementor-widget-spacer.elementor-widget-empty{position:relative;min-height:22px;min-width:22px}.e-con-inner>.elementor-widget-spacer.elementor-widget-empty .elementor-widget-empty-icon,.e-con>.elementor-widget-spacer.elementor-widget-empty .elementor-widget-empty-icon{position:absolute;top:0;bottom:0;left:0;right:0;margin:auto;padding:0;width:22px;height:22px}<\/style>\t\t<div class=\"elementor-spacer\">\n\t\t\t<div class=\"elementor-spacer-inner\"><\/div>\n\t\t<\/div>\n\t\t\t\t<\/div>\n\t\t\t\t<\/div>\n\t\t\t\t<div class=\"elementor-element elementor-element-e4bc4cd elementor-widget__width-initial elementor-widget-mobile__width-initial elementor-widget elementor-widget-image\" data-id=\"e4bc4cd\" data-element_type=\"widget\" data-widget_type=\"image.default\">\n\t\t\t\t<div class=\"elementor-widget-container\">\n\t\t\t<style>\/*! elementor - v3.16.0 - 17-10-2023 *\/\n.elementor-widget-image{text-align:center}.elementor-widget-image a{display:inline-block}.elementor-widget-image a img[src$=\".svg\"]{width:48px}.elementor-widget-image img{vertical-align:middle;display:inline-block}<\/style>\t\t\t\t\t\t\t\t\t\t\t\t<img decoding=\"async\" width=\"650\" height=\"140\" src=\"https:\/\/vimaxlens.com\/wp-content\/uploads\/2023\/11\/marker-los-dos-1.png\" class=\"attachment-full size-full wp-image-23401\" alt=\"\" srcset=\"https:\/\/vimaxlens.com\/wp-content\/uploads\/2023\/11\/marker-los-dos-1.png 650w, https:\/\/vimaxlens.com\/wp-content\/uploads\/2023\/11\/marker-los-dos-1-300x65.png 300w\" sizes=\"(max-width: 650px) 100vw, 650px\" \/>\t\t\t\t\t\t\t\t\t\t\t\t\t\t\t<\/div>\n\t\t\t\t<\/div>\n\t\t\t\t\t<\/div>\n\t\t<\/div>\n\t\t\t\t\t\t\t<\/div>\n\t\t<\/section>\n\t\t\t\t<section class=\"elementor-section elementor-top-section elementor-element elementor-element-a21e0c9 elementor-section-full_width elementor-section-stretched elementor-section-height-default elementor-section-height-default qodef-elementor-content-no\" data-id=\"a21e0c9\" data-element_type=\"section\" data-settings=\"{&quot;stretch_section&quot;:&quot;section-stretched&quot;}\">\n\t\t\t\t\t\t<div class=\"elementor-container elementor-column-gap-default\">\n\t\t\t\t\t<div class=\"elementor-column elementor-col-100 elementor-top-column elementor-element elementor-element-c16cf79\" data-id=\"c16cf79\" data-element_type=\"column\">\n\t\t\t<div class=\"elementor-widget-wrap elementor-element-populated\">\n\t\t\t\t\t\t\t\t<div class=\"elementor-element elementor-element-9573c5e elementor-widget__width-inherit elementor-widget elementor-widget-html\" data-id=\"9573c5e\" data-element_type=\"widget\" data-widget_type=\"html.default\">\n\t\t\t\t<div class=\"elementor-widget-container\">\n\t\t\t<script>console.log('Debug Objects: catalan' );<\/script>\n\n<div id=\"mapa-opticas\" class=\"container foo\">\n    <div class=\"row justify-content-between\">\n        <div class=\"col-md-4 order-md-1 order-2\" style=\"height: 80vh; overflow-y: scroll;\">\n                            <input class=\"search-input\" type=\"text\" id=\"search\" placeholder=\"Insereix ciutat o Codi postal\">\n                        <br\/>\n            <div id=\"results\"><\/div>\n        <\/div>\n        <div id=\"map\" class=\"map col-md-8 order-md-2 order-1\"><\/div>\n    <\/div>\n<\/div>\n\n<div id=\"formulario-cita\" style=\"display: none;\">\n    <div class=\"container\">\n    <div class=\"accordion\" id=\"accordionExample\">\n    <div class=\"steps\">\n        <progress id=\"progress\" value=34 max=100 ><\/progress>\n        <div class=\"step-item\">\n            <button class=\"step-button text-center done collapsed\" type=\"button\">\n                1\n            <\/button>\n        <\/div>\n        <div class=\"step-item\">\n            <button class=\"step-button text-center\" type=\"button\">\n                2\n            <\/button>\n        <\/div>\n        <div class=\"step-item\">\n            <button class=\"step-button text-center collapsed\" type=\"button\">\n                3\n            <\/button>\n        <\/div>\n        <div class=\"step-item\">\n            <button class=\"step-button text-center collapsed\" type=\"button\">\n                4\n            <\/button>\n        <\/div>\n    <\/div>\n\n    <div id=\"progress-completed\" class=\"progress-completed\"><\/div>\n\n    <div class=\"card\" style=\"border: none;\">\n        <div  id=\"headingTwo\"><\/div>\n        <div id=\"collapseTwo\" class=\"collapse show\" aria-labelledby=\"headingTwo\" data-bs-parent=\"#accordionExample\">\n            <div class=\"card-body\">\n                <h1 style=\"text-align: center; font-weight: bold; font-size: 35px; margin: 0em;\">\u00bfC\u00f3mo podemos ayudarte?<\/h1>\n                <br\/>\n                <h5 style=\"color: gray; text-align: center; text-transform: unset;\">Selecciona el tipo de cita que mejor se ajuste a tus necesidades.<\/h5>\n                <br\/>\n                <h3>Tipo de cita<\/h3>\n                <div id=\"tipos-cita\"><\/div>\n            <\/div>\n        <\/div>\n    <\/div>\n    <div class=\"card\" style=\"border: none;\">\n        <div  id=\"headingThree\"><\/div>\n        <div id=\"collapseThree\" class=\"collapse\" aria-labelledby=\"headingThree\"\n            data-bs-parent=\"#accordionExample\">\n            <div class=\"card-body\">\n                <h1 style=\"text-align: center; font-weight: bold; font-size: 35px; margin: 0em;\">\u00bfCu\u00e1ndo te va bien?<\/h1>\n                <br\/>\n                <h5 style=\"color: gray; text-align: center; text-transform: unset; margin: 0em;\">Selecciona fecha y hora<\/h5>\n                <div id=\"calendario-cita\">\n                    <div class=\"container-calendar\">\n                        <div class=\"button-container-calendar\">\n                            <div class=\"picker-container-calendar d-flex flex-row\">\n                                <select id=\"month\">\n                                    <option value=0>Enero<\/option>\n                                    <option value=1>Febrero<\/option>\n                                    <option value=2>Marzo<\/option>\n                                    <option value=3>Abril<\/option>\n                                    <option value=4>Mayo<\/option>\n                                    <option value=5>Junio<\/option>\n                                    <option value=6>Julio<\/option>\n                                    <option value=7>Agosto<\/option>\n                                    <option value=8>Setiembre<\/option>\n                                    <option value=9>Octubre<\/option>\n                                    <option value=10>Noviembre<\/option>\n                                    <option value=11>Diciembre<\/option>\n                                <\/select>\n                                <select id=\"year\"><\/select>       \n                            <\/div>\n                        <\/div>\n                            \n                        <table class=\"table-calendar\" id=\"calendar\">\n                            <thead id=\"thead-month\"><\/thead>\n                            <tbody id=\"calendar-body\"><\/tbody>\n                        <\/table>\n                    <\/div>\n                    <div id=\"date-picked\" style=\"display: none;\"><\/div>\n                    <div id=\"time-picked\" style=\"display: none;\"><\/div>\n                <\/div>\n                <br\/>\n                <h3 style=\"font-weight: bold\">Horas disponibles<\/h3>\n                <div id=\"horas-cita\"><\/div>\n            <\/div>\n        <\/div>\n    <\/div>\n    <div class=\"card\" style=\"border: none;\">\n        <div  id=\"headingFour\"><\/div>\n        <div id=\"collapseFour\" class=\"collapse\" aria-labelledby=\"headingFour\"\n            data-bs-parent=\"#accordionExample\">\n            <div class=\"card-body\">\n                <h1 style=\"text-align: center; font-weight: bold; font-size: 35px; margin: 0em;\">Tus datos<\/h1>\n                <br\/>\n                <h5 style=\"color: gray; text-align: center; text-transform: unset; margin: 0em;\">Facil\u00edtanos tus datos para formalizar tu cita<\/h5>\n                <br\/>\n                <div id=\"datos-cita\">\n\n                <\/div>                \n            <\/div>\n        <\/div>\n    <\/div>\n    <\/div>\n    <\/div>\n<\/div>\n<!--\n<script defer src=\"\/wp-content\/plugins\/vimax-plugin\/assets\/js\/script.js\"><\/script> -->\n<link rel=\"stylesheet\" href=\"\/wp-content\/plugins\/vimax-plugin\/assets\/css\/date-picker.css\" \/>\n<link rel=\"stylesheet\" href=\"\/wp-content\/plugins\/vimax-plugin\/assets\/css\/styles.css\" \/>\n<script src=\"\/wp-content\/plugins\/vimax-plugin\/assets\/js\/date-picker.js\"><\/script>\n<!-- Agregar la clase \"oculto\" para ocultar los elementos de \u00f3pticas -->\n<style>\n  .oculto {\n    display: none;\n  }\n<\/style>\t\t<\/div>\n\t\t\t\t<\/div>\n\t\t\t\t\t<\/div>\n\t\t<\/div>\n\t\t\t\t\t\t\t<\/div>\n\t\t<\/section>\n\t\t\t\t<section class=\"elementor-section elementor-top-section elementor-element elementor-element-114d8ea elementor-section-boxed elementor-section-height-default elementor-section-height-default qodef-elementor-content-no\" data-id=\"114d8ea\" data-element_type=\"section\">\n\t\t\t\t\t\t<div class=\"elementor-container elementor-column-gap-default\">\n\t\t\t\t\t<div class=\"elementor-column elementor-col-100 elementor-top-column elementor-element elementor-element-6d9e566\" data-id=\"6d9e566\" data-element_type=\"column\">\n\t\t\t<div class=\"elementor-widget-wrap elementor-element-populated\">\n\t\t\t\t\t\t\t\t<div class=\"elementor-element elementor-element-aa11f59 elementor-widget elementor-widget-spacer\" data-id=\"aa11f59\" data-element_type=\"widget\" data-widget_type=\"spacer.default\">\n\t\t\t\t<div class=\"elementor-widget-container\">\n\t\t\t\t\t<div class=\"elementor-spacer\">\n\t\t\t<div class=\"elementor-spacer-inner\"><\/div>\n\t\t<\/div>\n\t\t\t\t<\/div>\n\t\t\t\t<\/div>\n\t\t\t\t\t<\/div>\n\t\t<\/div>\n\t\t\t\t\t\t\t<\/div>\n\t\t<\/section>\n\t\t\t\t\t\t\t<\/div>\n\t\t","protected":false},"excerpt":{"rendered":"<p>CERCADOR D&#8217;\u00d2PTIQUES Troba la teva \u00f2ptica VIMAX m\u00e9s propera<\/p>\n","protected":false},"author":1,"featured_media":0,"parent":0,"menu_order":0,"comment_status":"closed","ping_status":"closed","template":"","meta":{"footnotes":""},"class_list":["post-20099","page","type-page","status-publish","hentry"],"yoast_head":"<!-- This site is optimized with the Yoast SEO plugin v21.5 - https:\/\/yoast.com\/wordpress\/plugins\/seo\/ -->\n<title>Cercador d&#039;\u00f2ptiques - VIMAX<\/title>\n<meta name=\"description\" content=\"En aquest mapa podr\u00e0s trobar la teva \u00f2ptica Vimax m\u00e9s propera. No deixis passar l&#039;oportunitat i reserva cita des d&#039;aquesta p\u00e0gina.\" \/>\n<meta name=\"robots\" content=\"index, follow, max-snippet:-1, max-image-preview:large, max-video-preview:-1\" \/>\n<link rel=\"canonical\" href=\"https:\/\/vimaxlens.com\/ca\/cercador-doptiques\/\" \/>\n<meta property=\"og:locale\" content=\"ca_ES\" \/>\n<meta property=\"og:type\" content=\"article\" \/>\n<meta property=\"og:title\" content=\"Cercador d&#039;\u00f2ptiques\" \/>\n<meta property=\"og:description\" content=\"En aquest mapa podr\u00e0s trobar la teva \u00f2ptica Vimax m\u00e9s propera. No deixis passar l&#039;oportunitat i reserva cita des d&#039;aquesta p\u00e0gina.\" \/>\n<meta property=\"og:url\" content=\"https:\/\/vimaxlens.com\/ca\/cercador-doptiques\/\" \/>\n<meta property=\"og:site_name\" content=\"VIMAX\" \/>\n<meta property=\"article:publisher\" content=\"https:\/\/www.facebook.com\/vimaxlens\" \/>\n<meta property=\"article:modified_time\" content=\"2023-11-16T11:17:08+00:00\" \/>\n<meta property=\"og:image\" content=\"https:\/\/vimaxlens.com\/wp-content\/uploads\/2023\/05\/buscador-opticas2.jpg\" \/>\n<meta name=\"twitter:card\" content=\"summary_large_image\" \/>\n<meta name=\"twitter:title\" content=\"Cercador d&#039;\u00f2ptiques\" \/>\n<meta name=\"twitter:description\" content=\"En aquest mapa podr\u00e0s trobar la teva \u00f2ptica Vimax m\u00e9s propera. No deixis passar l&#039;oportunitat i reserva cita des d&#039;aquesta p\u00e0gina.\" \/>\n<meta name=\"twitter:image\" content=\"https:\/\/vimaxlens.com\/wp-content\/uploads\/2023\/05\/buscador-opticas2.jpg\" \/>\n<meta name=\"twitter:label1\" content=\"Temps estimat de lectura\" \/>\n\t<meta name=\"twitter:data1\" content=\"1 minut\" \/>\n<script type=\"application\/ld+json\" class=\"yoast-schema-graph\">{\"@context\":\"https:\/\/schema.org\",\"@graph\":[{\"@type\":\"WebPage\",\"@id\":\"https:\/\/vimaxlens.com\/ca\/cercador-doptiques\/\",\"url\":\"https:\/\/vimaxlens.com\/ca\/cercador-doptiques\/\",\"name\":\"Cercador d'\u00f2ptiques - VIMAX\",\"isPartOf\":{\"@id\":\"https:\/\/vimaxlens.com\/ca\/#website\"},\"datePublished\":\"2022-09-02T14:24:09+00:00\",\"dateModified\":\"2023-11-16T11:17:08+00:00\",\"description\":\"En aquest mapa podr\u00e0s trobar la teva \u00f2ptica Vimax m\u00e9s propera. No deixis passar l'oportunitat i reserva cita des d'aquesta p\u00e0gina.\",\"breadcrumb\":{\"@id\":\"https:\/\/vimaxlens.com\/ca\/cercador-doptiques\/#breadcrumb\"},\"inLanguage\":\"ca\",\"potentialAction\":[{\"@type\":\"ReadAction\",\"target\":[\"https:\/\/vimaxlens.com\/ca\/cercador-doptiques\/\"]}]},{\"@type\":\"BreadcrumbList\",\"@id\":\"https:\/\/vimaxlens.com\/ca\/cercador-doptiques\/#breadcrumb\",\"itemListElement\":[{\"@type\":\"ListItem\",\"position\":1,\"name\":\"Portada\",\"item\":\"https:\/\/vimaxlens.com\/ca\/\"},{\"@type\":\"ListItem\",\"position\":2,\"name\":\"Cercador d&#8217;\u00f2ptiques\"}]},{\"@type\":\"WebSite\",\"@id\":\"https:\/\/vimaxlens.com\/ca\/#website\",\"url\":\"https:\/\/vimaxlens.com\/ca\/\",\"name\":\"VIMAX\",\"description\":\"Vision to the max\",\"publisher\":{\"@id\":\"https:\/\/vimaxlens.com\/ca\/#organization\"},\"alternateName\":\"VIMAX\",\"potentialAction\":[{\"@type\":\"SearchAction\",\"target\":{\"@type\":\"EntryPoint\",\"urlTemplate\":\"https:\/\/vimaxlens.com\/ca\/?s={search_term_string}\"},\"query-input\":\"required name=search_term_string\"}],\"inLanguage\":\"ca\"},{\"@type\":\"Organization\",\"@id\":\"https:\/\/vimaxlens.com\/ca\/#organization\",\"name\":\"VIMAX\",\"alternateName\":\"VIMAX\",\"url\":\"https:\/\/vimaxlens.com\/ca\/\",\"logo\":{\"@type\":\"ImageObject\",\"inLanguage\":\"ca\",\"@id\":\"https:\/\/vimaxlens.com\/ca\/#\/schema\/logo\/image\/\",\"url\":\"https:\/\/vimaxlens.com\/wp-content\/uploads\/2023\/05\/favicon.jpg\",\"contentUrl\":\"https:\/\/vimaxlens.com\/wp-content\/uploads\/2023\/05\/favicon.jpg\",\"width\":282,\"height\":284,\"caption\":\"VIMAX\"},\"image\":{\"@id\":\"https:\/\/vimaxlens.com\/ca\/#\/schema\/logo\/image\/\"},\"sameAs\":[\"https:\/\/www.facebook.com\/vimaxlens\",\"https:\/\/www.instagram.com\/Vimaxlens\/\"]}]}<\/script>\n<!-- \/ Yoast SEO plugin. -->","yoast_head_json":{"title":"Cercador d'\u00f2ptiques - VIMAX","description":"En aquest mapa podr\u00e0s trobar la teva \u00f2ptica Vimax m\u00e9s propera. No deixis passar l'oportunitat i reserva cita des d'aquesta p\u00e0gina.","robots":{"index":"index","follow":"follow","max-snippet":"max-snippet:-1","max-image-preview":"max-image-preview:large","max-video-preview":"max-video-preview:-1"},"canonical":"https:\/\/vimaxlens.com\/ca\/cercador-doptiques\/","og_locale":"ca_ES","og_type":"article","og_title":"Cercador d'\u00f2ptiques","og_description":"En aquest mapa podr\u00e0s trobar la teva \u00f2ptica Vimax m\u00e9s propera. No deixis passar l'oportunitat i reserva cita des d'aquesta p\u00e0gina.","og_url":"https:\/\/vimaxlens.com\/ca\/cercador-doptiques\/","og_site_name":"VIMAX","article_publisher":"https:\/\/www.facebook.com\/vimaxlens","article_modified_time":"2023-11-16T11:17:08+00:00","og_image":[{"url":"https:\/\/vimaxlens.com\/wp-content\/uploads\/2023\/05\/buscador-opticas2.jpg"}],"twitter_card":"summary_large_image","twitter_title":"Cercador d'\u00f2ptiques","twitter_description":"En aquest mapa podr\u00e0s trobar la teva \u00f2ptica Vimax m\u00e9s propera. No deixis passar l'oportunitat i reserva cita des d'aquesta p\u00e0gina.","twitter_image":"https:\/\/vimaxlens.com\/wp-content\/uploads\/2023\/05\/buscador-opticas2.jpg","twitter_misc":{"Temps estimat de lectura":"1 minut"},"schema":{"@context":"https:\/\/schema.org","@graph":[{"@type":"WebPage","@id":"https:\/\/vimaxlens.com\/ca\/cercador-doptiques\/","url":"https:\/\/vimaxlens.com\/ca\/cercador-doptiques\/","name":"Cercador d'\u00f2ptiques - VIMAX","isPartOf":{"@id":"https:\/\/vimaxlens.com\/ca\/#website"},"datePublished":"2022-09-02T14:24:09+00:00","dateModified":"2023-11-16T11:17:08+00:00","description":"En aquest mapa podr\u00e0s trobar la teva \u00f2ptica Vimax m\u00e9s propera. No deixis passar l'oportunitat i reserva cita des d'aquesta p\u00e0gina.","breadcrumb":{"@id":"https:\/\/vimaxlens.com\/ca\/cercador-doptiques\/#breadcrumb"},"inLanguage":"ca","potentialAction":[{"@type":"ReadAction","target":["https:\/\/vimaxlens.com\/ca\/cercador-doptiques\/"]}]},{"@type":"BreadcrumbList","@id":"https:\/\/vimaxlens.com\/ca\/cercador-doptiques\/#breadcrumb","itemListElement":[{"@type":"ListItem","position":1,"name":"Portada","item":"https:\/\/vimaxlens.com\/ca\/"},{"@type":"ListItem","position":2,"name":"Cercador d&#8217;\u00f2ptiques"}]},{"@type":"WebSite","@id":"https:\/\/vimaxlens.com\/ca\/#website","url":"https:\/\/vimaxlens.com\/ca\/","name":"VIMAX","description":"Vision to the max","publisher":{"@id":"https:\/\/vimaxlens.com\/ca\/#organization"},"alternateName":"VIMAX","potentialAction":[{"@type":"SearchAction","target":{"@type":"EntryPoint","urlTemplate":"https:\/\/vimaxlens.com\/ca\/?s={search_term_string}"},"query-input":"required name=search_term_string"}],"inLanguage":"ca"},{"@type":"Organization","@id":"https:\/\/vimaxlens.com\/ca\/#organization","name":"VIMAX","alternateName":"VIMAX","url":"https:\/\/vimaxlens.com\/ca\/","logo":{"@type":"ImageObject","inLanguage":"ca","@id":"https:\/\/vimaxlens.com\/ca\/#\/schema\/logo\/image\/","url":"https:\/\/vimaxlens.com\/wp-content\/uploads\/2023\/05\/favicon.jpg","contentUrl":"https:\/\/vimaxlens.com\/wp-content\/uploads\/2023\/05\/favicon.jpg","width":282,"height":284,"caption":"VIMAX"},"image":{"@id":"https:\/\/vimaxlens.com\/ca\/#\/schema\/logo\/image\/"},"sameAs":["https:\/\/www.facebook.com\/vimaxlens","https:\/\/www.instagram.com\/Vimaxlens\/"]}]}},"_links":{"self":[{"href":"https:\/\/vimaxlens.com\/ca\/wp-json\/wp\/v2\/pages\/20099","targetHints":{"allow":["GET"]}}],"collection":[{"href":"https:\/\/vimaxlens.com\/ca\/wp-json\/wp\/v2\/pages"}],"about":[{"href":"https:\/\/vimaxlens.com\/ca\/wp-json\/wp\/v2\/types\/page"}],"author":[{"embeddable":true,"href":"https:\/\/vimaxlens.com\/ca\/wp-json\/wp\/v2\/users\/1"}],"replies":[{"embeddable":true,"href":"https:\/\/vimaxlens.com\/ca\/wp-json\/wp\/v2\/comments?post=20099"}],"version-history":[{"count":13,"href":"https:\/\/vimaxlens.com\/ca\/wp-json\/wp\/v2\/pages\/20099\/revisions"}],"predecessor-version":[{"id":23414,"href":"https:\/\/vimaxlens.com\/ca\/wp-json\/wp\/v2\/pages\/20099\/revisions\/23414"}],"wp:attachment":[{"href":"https:\/\/vimaxlens.com\/ca\/wp-json\/wp\/v2\/media?parent=20099"}],"curies":[{"name":"wp","href":"https:\/\/api.w.org\/{rel}","templated":true}]}}