{"id":21310,"date":"2022-08-01T11:41:43","date_gmt":"2022-08-01T11:41:43","guid":{"rendered":"https:\/\/vimaxlens.com\/contact\/"},"modified":"2023-09-13T11:17:08","modified_gmt":"2023-09-13T11:17:08","slug":"contact","status":"publish","type":"page","link":"https:\/\/vimaxlens.com\/en\/contact\/","title":{"rendered":"Contact"},"content":{"rendered":"\t\t<div data-elementor-type=\"wp-page\" data-elementor-id=\"21310\" class=\"elementor elementor-21310 elementor-14977\">\n\t\t\t\t\t\t\t\t\t<section class=\"elementor-section elementor-top-section elementor-element elementor-element-3a2e299 elementor-section-full_width elementor-section-content-middle elementor-section-stretched elementor-section-height-default elementor-section-height-default qodef-elementor-content-no\" data-id=\"3a2e299\" data-element_type=\"section\" data-settings=\"{&quot;background_background&quot;:&quot;classic&quot;,&quot;stretch_section&quot;:&quot;section-stretched&quot;}\">\n\t\t\t\t\t\t\t<div class=\"elementor-background-overlay\"><\/div>\n\t\t\t\t\t\t\t<div class=\"elementor-container elementor-column-gap-default\">\n\t\t\t\t\t<div class=\"qodef-background-text elementor-column elementor-col-50 elementor-top-column elementor-element elementor-element-5d01173\" data-id=\"5d01173\" data-element_type=\"column\" data-settings=\"{&quot;background_background&quot;:&quot;classic&quot;}\">\n\t\t\t<div class=\"elementor-widget-wrap elementor-element-populated\">\n\t\t\t\t\t\t\t\t<div class=\"elementor-element elementor-element-2e5d7a8a elementor-widget__width-initial elementor-widget-tablet__width-inherit elementor-widget elementor-widget-archicon_core_section_title\" data-id=\"2e5d7a8a\" data-element_type=\"widget\" data-widget_type=\"archicon_core_section_title.default\">\n\t\t\t\t<div class=\"elementor-widget-container\">\n\t\t\t<div class=\"qodef-shortcode qodef-m  qodef-section-title qodef-alignment--left qodef-alignment-responsive--left  qodef-has-appear\"  >\n\t\t\t<h2 class=\"qodef-m-title\" style=\"color: #FFFFFF;font-weight: 700;text-transform: uppercase\">\n\t<span class=\"qodef-m-title-inner\" style=\"--qodef-st-custom-fs: 60px;--qodef-st-custom-fs-1680: 60px;--qodef-st-custom-lh-1680: 1;--qodef-st-custom-fs-1440: 60px;--qodef-st-custom-lh-1440: 1;--qodef-st-custom-fs-1366: 50px;--qodef-st-custom-lh-1366: 1;--qodef-st-custom-fs-1024: 50px;--qodef-st-custom-lh-1024: 1;--qodef-st-custom-fs-768: 40px;--qodef-st-custom-lh-768: 1;--qodef-st-custom-lh: 60px\">\n\t\t\tCONTACT\t\t<\/span>\n\t<\/h2>\n\t\t<h4 class=\"qodef-m-text\" style=\"margin-top: 10px;color: #FFFFFF\">\n\t\tContact VIMAX\t<\/h4>\n\t<\/div>\n\t\t<\/div>\n\t\t\t\t<\/div>\n\t\t\t\t\t<\/div>\n\t\t<\/div>\n\t\t\t\t<div class=\"elementor-column elementor-col-50 elementor-top-column elementor-element elementor-element-346e5480\" data-id=\"346e5480\" data-element_type=\"column\" data-settings=\"{&quot;background_background&quot;:&quot;classic&quot;}\">\n\t\t\t<div class=\"elementor-widget-wrap elementor-element-populated\">\n\t\t\t\t\t\t\t\t<div class=\"elementor-element elementor-element-78eba7 elementor-widget elementor-widget-image\" data-id=\"78eba7\" data-element_type=\"widget\" data-widget_type=\"image.default\">\n\t\t\t\t<div class=\"elementor-widget-container\">\n\t\t\t<style>\/*! elementor - v3.16.0 - 17-10-2023 *\/\n.elementor-widget-image{text-align:center}.elementor-widget-image a{display:inline-block}.elementor-widget-image a img[src$=\".svg\"]{width:48px}.elementor-widget-image img{vertical-align:middle;display:inline-block}<\/style>\t\t\t\t\t\t\t\t\t\t\t\t<img decoding=\"async\" width=\"2237\" height=\"1488\" src=\"https:\/\/vimaxlens.com\/wp-content\/uploads\/2023\/07\/quarz_xtrem_DSC7031-compressed.jpg\" class=\"attachment-full size-full wp-image-19206\" alt=\"\" srcset=\"https:\/\/vimaxlens.com\/wp-content\/uploads\/2023\/07\/quarz_xtrem_DSC7031-compressed.jpg 2237w, https:\/\/vimaxlens.com\/wp-content\/uploads\/2023\/07\/quarz_xtrem_DSC7031-compressed-300x200.jpg 300w, https:\/\/vimaxlens.com\/wp-content\/uploads\/2023\/07\/quarz_xtrem_DSC7031-compressed-1024x681.jpg 1024w, https:\/\/vimaxlens.com\/wp-content\/uploads\/2023\/07\/quarz_xtrem_DSC7031-compressed-768x511.jpg 768w, https:\/\/vimaxlens.com\/wp-content\/uploads\/2023\/07\/quarz_xtrem_DSC7031-compressed-1536x1022.jpg 1536w, https:\/\/vimaxlens.com\/wp-content\/uploads\/2023\/07\/quarz_xtrem_DSC7031-compressed-2048x1362.jpg 2048w\" sizes=\"(max-width: 2237px) 100vw, 2237px\" \/>\t\t\t\t\t\t\t\t\t\t\t\t\t\t\t<\/div>\n\t\t\t\t<\/div>\n\t\t\t\t\t<\/div>\n\t\t<\/div>\n\t\t\t\t\t\t\t<\/div>\n\t\t<\/section>\n\t\t\t\t<section class=\"elementor-section elementor-top-section elementor-element elementor-element-ade6bc4 elementor-section-boxed elementor-section-height-default elementor-section-height-default qodef-elementor-content-no\" data-id=\"ade6bc4\" data-element_type=\"section\" data-settings=\"{&quot;background_background&quot;:&quot;classic&quot;}\">\n\t\t\t\t\t\t<div class=\"elementor-container elementor-column-gap-extended\">\n\t\t\t\t\t<div class=\"elementor-column elementor-col-50 elementor-top-column elementor-element elementor-element-6647a57\" data-id=\"6647a57\" data-element_type=\"column\">\n\t\t\t<div class=\"elementor-widget-wrap elementor-element-populated\">\n\t\t\t\t\t\t\t\t<div class=\"elementor-element elementor-element-be3208e elementor-widget__width-initial elementor-widget-mobile__width-inherit elementor-widget elementor-widget-archicon_core_section_title\" data-id=\"be3208e\" data-element_type=\"widget\" data-widget_type=\"archicon_core_section_title.default\">\n\t\t\t\t<div class=\"elementor-widget-container\">\n\t\t\t<div class=\"qodef-shortcode qodef-m  qodef-section-title qodef-alignment--left   \"  >\n\t\t\t<h3 class=\"qodef-m-title\" >\n\t<span class=\"qodef-m-title-inner\" >\n\t\t\tContact us\t\t<\/span>\n\t<\/h3>\n\t\t<\/div>\n\t\t<\/div>\n\t\t\t\t<\/div>\n\t\t\t\t<section class=\"elementor-section elementor-inner-section elementor-element elementor-element-21ad484 elementor-reverse-mobile elementor-section-boxed elementor-section-height-default elementor-section-height-default qodef-elementor-content-no\" data-id=\"21ad484\" data-element_type=\"section\">\n\t\t\t\t\t\t<div class=\"elementor-container elementor-column-gap-default\">\n\t\t\t\t\t<div class=\"elementor-column elementor-col-100 elementor-inner-column elementor-element elementor-element-b29abc5\" data-id=\"b29abc5\" data-element_type=\"column\">\n\t\t\t<div class=\"elementor-widget-wrap elementor-element-populated\">\n\t\t\t\t\t\t\t\t<div class=\"elementor-element elementor-element-f305d55 qodef-custom-link elementor-widget-tablet__width-inherit elementor-widget elementor-widget-text-editor\" data-id=\"f305d55\" data-element_type=\"widget\" data-widget_type=\"text-editor.default\">\n\t\t\t\t<div class=\"elementor-widget-container\">\n\t\t\t<style>\/*! elementor - v3.16.0 - 17-10-2023 *\/\n.elementor-widget-text-editor.elementor-drop-cap-view-stacked .elementor-drop-cap{background-color:#69727d;color:#fff}.elementor-widget-text-editor.elementor-drop-cap-view-framed .elementor-drop-cap{color:#69727d;border:3px solid;background-color:transparent}.elementor-widget-text-editor:not(.elementor-drop-cap-view-default) .elementor-drop-cap{margin-top:8px}.elementor-widget-text-editor:not(.elementor-drop-cap-view-default) .elementor-drop-cap-letter{width:1em;height:1em}.elementor-widget-text-editor .elementor-drop-cap{float:left;text-align:center;line-height:1;font-size:50px}.elementor-widget-text-editor .elementor-drop-cap-letter{display:inline-block}<\/style>\t\t\t\t<p style=\"text-align: left;\">If you have any questions or suggestions, don\u2019t hesitate to contact us. We\u2019ll be happy to help you any way we can.<\/p>\n\t\t\t\t\t\t<\/div>\n\t\t\t\t<\/div>\n\t\t\t\t\t<\/div>\n\t\t<\/div>\n\t\t\t\t\t\t\t<\/div>\n\t\t<\/section>\n\t\t\t\t\t<\/div>\n\t\t<\/div>\n\t\t\t\t<div class=\"elementor-column elementor-col-50 elementor-top-column elementor-element elementor-element-bb2aa2c\" data-id=\"bb2aa2c\" data-element_type=\"column\">\n\t\t\t<div class=\"elementor-widget-wrap elementor-element-populated\">\n\t\t\t\t\t\t\t\t<div class=\"elementor-element elementor-element-6a11bab elementor-widget elementor-widget-qi_addons_for_elementor_contact_form_7\" data-id=\"6a11bab\" data-element_type=\"widget\" data-widget_type=\"qi_addons_for_elementor_contact_form_7.default\">\n\t\t\t\t<div class=\"elementor-widget-container\">\n\t\t\t<div class=\"qodef-shortcode qodef-m  qodef-qi-contact-form-7 \">\n\t\n<div class=\"wpcf7 no-js\" id=\"wpcf7-f21350-o1\" lang=\"en-US\" dir=\"ltr\">\n<div class=\"screen-reader-response\"><p role=\"status\" aria-live=\"polite\" aria-atomic=\"true\"><\/p> <ul><\/ul><\/div>\n<form action=\"\/en\/wp-json\/wp\/v2\/pages\/21310#wpcf7-f21350-o1\" method=\"post\" class=\"wpcf7-form init\" aria-label=\"Contact form\" novalidate=\"novalidate\" data-status=\"init\">\n<div style=\"display: none;\">\n<input type=\"hidden\" name=\"_wpcf7\" value=\"21350\" \/>\n<input type=\"hidden\" name=\"_wpcf7_version\" value=\"5.8.3\" \/>\n<input type=\"hidden\" name=\"_wpcf7_locale\" value=\"en_US\" \/>\n<input type=\"hidden\" name=\"_wpcf7_unit_tag\" value=\"wpcf7-f21350-o1\" \/>\n<input type=\"hidden\" name=\"_wpcf7_container_post\" value=\"0\" \/>\n<input type=\"hidden\" name=\"_wpcf7_posted_data_hash\" value=\"\" \/>\n<\/div>\n<label> First Name\n\t<span class=\"wpcf7-form-control-wrap\" data-name=\"your-name\"><input size=\"40\" class=\"wpcf7-form-control wpcf7-text wpcf7-validates-as-required\" aria-required=\"true\" aria-invalid=\"false\" value=\"\" type=\"text\" name=\"your-name\" \/><\/span> <\/label>\n\n<label> Email\n\t<span class=\"wpcf7-form-control-wrap\" data-name=\"your-email\"><input size=\"40\" class=\"wpcf7-form-control wpcf7-email wpcf7-validates-as-required wpcf7-text wpcf7-validates-as-email\" aria-required=\"true\" aria-invalid=\"false\" value=\"\" type=\"email\" name=\"your-email\" \/><\/span> <\/label>\n\n<label>Phone\n\t<span class=\"wpcf7-form-control-wrap\" data-name=\"your-phone\"><input size=\"40\" class=\"wpcf7-form-control wpcf7-tel wpcf7-validates-as-required wpcf7-text wpcf7-validates-as-tel\" aria-required=\"true\" aria-invalid=\"false\" value=\"\" type=\"tel\" name=\"your-phone\" \/><\/span> <\/label>\n\n<label> Query\n\t<span class=\"wpcf7-form-control-wrap\" data-name=\"your-message\"><textarea cols=\"40\" rows=\"10\" class=\"wpcf7-form-control wpcf7-textarea wpcf7-validates-as-required\" aria-required=\"true\" aria-invalid=\"false\" name=\"your-message\"><\/textarea><\/span> <\/label>\n\n<span class=\"wpcf7-form-control-wrap\" data-name=\"acceptance-642\"><span class=\"wpcf7-form-control wpcf7-acceptance\"><span class=\"wpcf7-list-item\"><label><input type=\"checkbox\" name=\"acceptance-642\" value=\"1\" aria-invalid=\"false\" \/><span class=\"wpcf7-list-item-label\">I have read and accept the legal notice and privacy policy<\/span><\/label><\/span><\/span><\/span>\n<br>\n\n\n<button class=\"wpcf7-form-control wpcf7-submit qodef-button qodef-size--normal qodef-layout--filled qodef-m\" type=\"submit\"><span class=\"qodef-m-reveal\"><\/span><span class=\"qodef-m-text\">Submit<\/span><\/button><div class=\"wpcf7-response-output\" aria-hidden=\"true\"><\/div>\n<\/form>\n<\/div>\n<\/div>\n\t\t<\/div>\n\t\t\t\t<\/div>\n\t\t\t\t\t<\/div>\n\t\t<\/div>\n\t\t\t\t\t\t\t<\/div>\n\t\t<\/section>\n\t\t\t\t\t\t\t<\/div>\n\t\t","protected":false},"excerpt":{"rendered":"<p>CONTACT Contact VIMAX Contact us If you have any questions or suggestions, don\u2019t hesitate to contact us. We\u2019ll be happy to help you any way we can. Nombre Email Tel\u00e9fono Consulta He le\u00eddo y acepto el contenido del aviso legal y la pol\u00edtica de privacidad Enviar<\/p>\n","protected":false},"author":2,"featured_media":0,"parent":0,"menu_order":0,"comment_status":"closed","ping_status":"closed","template":"page-full-width.php","meta":{"footnotes":""},"class_list":["post-21310","page","type-page","status-publish","hentry"],"yoast_head":"<!-- This site is optimized with the Yoast SEO plugin v21.5 - https:\/\/yoast.com\/wordpress\/plugins\/seo\/ -->\n<title>Contact - VIMAX<\/title>\n<meta name=\"description\" content=\"If you have any questions or suggestions, don\u2019t hesitate to contact us. We\u2019ll be happy to help you any way we can.\" \/>\n<meta name=\"robots\" content=\"index, follow, max-snippet:-1, max-image-preview:large, max-video-preview:-1\" \/>\n<link rel=\"canonical\" href=\"https:\/\/vimaxlens.com\/en\/contact\/\" \/>\n<meta property=\"og:locale\" content=\"en_US\" \/>\n<meta property=\"og:type\" content=\"article\" \/>\n<meta property=\"og:title\" content=\"Contact\" \/>\n<meta property=\"og:description\" content=\"If you have any questions or suggestions, don\u2019t hesitate to contact us. We\u2019ll be happy to help you any way we can.\" \/>\n<meta property=\"og:url\" content=\"https:\/\/vimaxlens.com\/en\/contact\/\" \/>\n<meta property=\"og:site_name\" content=\"VIMAX\" \/>\n<meta property=\"article:publisher\" content=\"https:\/\/www.facebook.com\/vimaxlens\" \/>\n<meta property=\"article:modified_time\" content=\"2023-09-13T11:17:08+00:00\" \/>\n<meta property=\"og:image\" content=\"https:\/\/vimaxlens.com\/wp-content\/uploads\/2023\/07\/quarz_xtrem_DSC7031-compressed-1024x681.jpg\" \/>\n<meta name=\"twitter:card\" content=\"summary_large_image\" \/>\n<meta name=\"twitter:title\" content=\"Contact\" \/>\n<meta name=\"twitter:description\" content=\"If you have any questions or suggestions, don\u2019t hesitate to contact us. We\u2019ll be happy to help you any way we can.\" \/>\n<meta name=\"twitter:image\" content=\"https:\/\/vimaxlens.com\/wp-content\/uploads\/2023\/07\/quarz_xtrem_DSC7031-compressed.jpg\" \/>\n<meta name=\"twitter:label1\" content=\"Est. reading time\" \/>\n\t<meta name=\"twitter:data1\" content=\"1 minute\" \/>\n<script type=\"application\/ld+json\" class=\"yoast-schema-graph\">{\"@context\":\"https:\/\/schema.org\",\"@graph\":[{\"@type\":\"WebPage\",\"@id\":\"https:\/\/vimaxlens.com\/en\/contact\/\",\"url\":\"https:\/\/vimaxlens.com\/en\/contact\/\",\"name\":\"Contact - VIMAX\",\"isPartOf\":{\"@id\":\"https:\/\/vimaxlens.com\/en\/#website\"},\"datePublished\":\"2022-08-01T11:41:43+00:00\",\"dateModified\":\"2023-09-13T11:17:08+00:00\",\"description\":\"If you have any questions or suggestions, don\u2019t hesitate to contact us. We\u2019ll be happy to help you any way we can.\",\"breadcrumb\":{\"@id\":\"https:\/\/vimaxlens.com\/en\/contact\/#breadcrumb\"},\"inLanguage\":\"en-US\",\"potentialAction\":[{\"@type\":\"ReadAction\",\"target\":[\"https:\/\/vimaxlens.com\/en\/contact\/\"]}]},{\"@type\":\"BreadcrumbList\",\"@id\":\"https:\/\/vimaxlens.com\/en\/contact\/#breadcrumb\",\"itemListElement\":[{\"@type\":\"ListItem\",\"position\":1,\"name\":\"Portada\",\"item\":\"https:\/\/vimaxlens.com\/en\/\"},{\"@type\":\"ListItem\",\"position\":2,\"name\":\"Contact\"}]},{\"@type\":\"WebSite\",\"@id\":\"https:\/\/vimaxlens.com\/en\/#website\",\"url\":\"https:\/\/vimaxlens.com\/en\/\",\"name\":\"VIMAX\",\"description\":\"Vision to the max\",\"publisher\":{\"@id\":\"https:\/\/vimaxlens.com\/en\/#organization\"},\"alternateName\":\"VIMAX\",\"potentialAction\":[{\"@type\":\"SearchAction\",\"target\":{\"@type\":\"EntryPoint\",\"urlTemplate\":\"https:\/\/vimaxlens.com\/en\/?s={search_term_string}\"},\"query-input\":\"required name=search_term_string\"}],\"inLanguage\":\"en-US\"},{\"@type\":\"Organization\",\"@id\":\"https:\/\/vimaxlens.com\/en\/#organization\",\"name\":\"VIMAX\",\"alternateName\":\"VIMAX\",\"url\":\"https:\/\/vimaxlens.com\/en\/\",\"logo\":{\"@type\":\"ImageObject\",\"inLanguage\":\"en-US\",\"@id\":\"https:\/\/vimaxlens.com\/en\/#\/schema\/logo\/image\/\",\"url\":\"https:\/\/vimaxlens.com\/wp-content\/uploads\/2023\/05\/favicon.jpg\",\"contentUrl\":\"https:\/\/vimaxlens.com\/wp-content\/uploads\/2023\/05\/favicon.jpg\",\"width\":282,\"height\":284,\"caption\":\"VIMAX\"},\"image\":{\"@id\":\"https:\/\/vimaxlens.com\/en\/#\/schema\/logo\/image\/\"},\"sameAs\":[\"https:\/\/www.facebook.com\/vimaxlens\",\"https:\/\/www.instagram.com\/Vimaxlens\/\"]}]}<\/script>\n<!-- \/ Yoast SEO plugin. -->","yoast_head_json":{"title":"Contact - VIMAX","description":"If you have any questions or suggestions, don\u2019t hesitate to contact us. We\u2019ll be happy to help you any way we can.","robots":{"index":"index","follow":"follow","max-snippet":"max-snippet:-1","max-image-preview":"max-image-preview:large","max-video-preview":"max-video-preview:-1"},"canonical":"https:\/\/vimaxlens.com\/en\/contact\/","og_locale":"en_US","og_type":"article","og_title":"Contact","og_description":"If you have any questions or suggestions, don\u2019t hesitate to contact us. We\u2019ll be happy to help you any way we can.","og_url":"https:\/\/vimaxlens.com\/en\/contact\/","og_site_name":"VIMAX","article_publisher":"https:\/\/www.facebook.com\/vimaxlens","article_modified_time":"2023-09-13T11:17:08+00:00","og_image":[{"url":"https:\/\/vimaxlens.com\/wp-content\/uploads\/2023\/07\/quarz_xtrem_DSC7031-compressed-1024x681.jpg"}],"twitter_card":"summary_large_image","twitter_title":"Contact","twitter_description":"If you have any questions or suggestions, don\u2019t hesitate to contact us. We\u2019ll be happy to help you any way we can.","twitter_image":"https:\/\/vimaxlens.com\/wp-content\/uploads\/2023\/07\/quarz_xtrem_DSC7031-compressed.jpg","twitter_misc":{"Est. reading time":"1 minute"},"schema":{"@context":"https:\/\/schema.org","@graph":[{"@type":"WebPage","@id":"https:\/\/vimaxlens.com\/en\/contact\/","url":"https:\/\/vimaxlens.com\/en\/contact\/","name":"Contact - VIMAX","isPartOf":{"@id":"https:\/\/vimaxlens.com\/en\/#website"},"datePublished":"2022-08-01T11:41:43+00:00","dateModified":"2023-09-13T11:17:08+00:00","description":"If you have any questions or suggestions, don\u2019t hesitate to contact us. We\u2019ll be happy to help you any way we can.","breadcrumb":{"@id":"https:\/\/vimaxlens.com\/en\/contact\/#breadcrumb"},"inLanguage":"en-US","potentialAction":[{"@type":"ReadAction","target":["https:\/\/vimaxlens.com\/en\/contact\/"]}]},{"@type":"BreadcrumbList","@id":"https:\/\/vimaxlens.com\/en\/contact\/#breadcrumb","itemListElement":[{"@type":"ListItem","position":1,"name":"Portada","item":"https:\/\/vimaxlens.com\/en\/"},{"@type":"ListItem","position":2,"name":"Contact"}]},{"@type":"WebSite","@id":"https:\/\/vimaxlens.com\/en\/#website","url":"https:\/\/vimaxlens.com\/en\/","name":"VIMAX","description":"Vision to the max","publisher":{"@id":"https:\/\/vimaxlens.com\/en\/#organization"},"alternateName":"VIMAX","potentialAction":[{"@type":"SearchAction","target":{"@type":"EntryPoint","urlTemplate":"https:\/\/vimaxlens.com\/en\/?s={search_term_string}"},"query-input":"required name=search_term_string"}],"inLanguage":"en-US"},{"@type":"Organization","@id":"https:\/\/vimaxlens.com\/en\/#organization","name":"VIMAX","alternateName":"VIMAX","url":"https:\/\/vimaxlens.com\/en\/","logo":{"@type":"ImageObject","inLanguage":"en-US","@id":"https:\/\/vimaxlens.com\/en\/#\/schema\/logo\/image\/","url":"https:\/\/vimaxlens.com\/wp-content\/uploads\/2023\/05\/favicon.jpg","contentUrl":"https:\/\/vimaxlens.com\/wp-content\/uploads\/2023\/05\/favicon.jpg","width":282,"height":284,"caption":"VIMAX"},"image":{"@id":"https:\/\/vimaxlens.com\/en\/#\/schema\/logo\/image\/"},"sameAs":["https:\/\/www.facebook.com\/vimaxlens","https:\/\/www.instagram.com\/Vimaxlens\/"]}]}},"_links":{"self":[{"href":"https:\/\/vimaxlens.com\/en\/wp-json\/wp\/v2\/pages\/21310","targetHints":{"allow":["GET"]}}],"collection":[{"href":"https:\/\/vimaxlens.com\/en\/wp-json\/wp\/v2\/pages"}],"about":[{"href":"https:\/\/vimaxlens.com\/en\/wp-json\/wp\/v2\/types\/page"}],"author":[{"embeddable":true,"href":"https:\/\/vimaxlens.com\/en\/wp-json\/wp\/v2\/users\/2"}],"replies":[{"embeddable":true,"href":"https:\/\/vimaxlens.com\/en\/wp-json\/wp\/v2\/comments?post=21310"}],"version-history":[{"count":16,"href":"https:\/\/vimaxlens.com\/en\/wp-json\/wp\/v2\/pages\/21310\/revisions"}],"predecessor-version":[{"id":21555,"href":"https:\/\/vimaxlens.com\/en\/wp-json\/wp\/v2\/pages\/21310\/revisions\/21555"}],"wp:attachment":[{"href":"https:\/\/vimaxlens.com\/en\/wp-json\/wp\/v2\/media?parent=21310"}],"curies":[{"name":"wp","href":"https:\/\/api.w.org\/{rel}","templated":true}]}}