{"id":20342,"date":"2023-07-26T11:51:25","date_gmt":"2023-07-26T11:51:25","guid":{"rendered":"https:\/\/vimaxlens.com\/politique-en-matiere-de-cookies\/"},"modified":"2023-09-08T14:59:02","modified_gmt":"2023-09-08T14:59:02","slug":"politique-en-matiere-de-cookies","status":"publish","type":"page","link":"https:\/\/vimaxlens.com\/fr\/politique-en-matiere-de-cookies\/","title":{"rendered":"Politique en mati\u00e8re de cookies"},"content":{"rendered":"\n<p>Ce site Web utilise ses propres cookies, des cookies de tiers et des cookies analytiques strictement n\u00e9cessaires pour optimiser la navigation et am\u00e9liorer l&rsquo;exp\u00e9rience de l&rsquo;utilisateur.<\/p>\n\n<p>En naviguant simplement (avec le navigateur activ\u00e9 pour accepter les cookies), l&rsquo;utilisateur accepte l&rsquo;installation de cookies, \u00e0 moins qu&rsquo;il ne s&rsquo;y oppose, comme indiqu\u00e9 dans la pr\u00e9sente Politique en mati\u00e8re de cookies.<\/p>\n\n<p>Si vous souhaitez obtenir plus d&rsquo;informations sur les cookies que nous utilisons sur le site Web, vous pouvez envoyer un e-mail \u00e0 l&rsquo;adresse suivante :\u00a0<a href=\"mailto:grupoprats@grupoprats.info\">grupoprats@grupoprats.info<\/a><\/p>\n\n<p><strong>Qu&rsquo;est-ce qu&rsquo;un cookie ?<\/strong><\/p>\n\n<p>Un \u00ab\u00a0cookie\u00a0\u00bb est un petit fichier texte qu&rsquo;un site Web stocke dans le navigateur de l&rsquo;utilisateur. Les cookies facilitent l&rsquo;utilisation et la navigation sur le site Web. Ils sont essentiels au fonctionnement d\u2019Internet et offrent d&rsquo;innombrables avantages lors de services interactifs.<\/p>\n\n<p>Les cookies sont utilis\u00e9s, par exemple, pour g\u00e9rer la session de l&rsquo;utilisateur (r\u00e9duire le nombre de fois o\u00f9 vous devez entrer votre mot de passe), am\u00e9liorer les services offerts ou adapter le contenu d&rsquo;un site Web \u00e0 vos pr\u00e9f\u00e9rences.<\/p>\n\n<p>Il existe diff\u00e9rents types de cookies :<\/p>\n\n<ul class=\"wp-block-list\">\n<li><strong>Cookies de session :<\/strong>\u00a0ils sont supprim\u00e9s d\u00e8s que l&rsquo;utilisateur quitte le site Web qui les a g\u00e9n\u00e9r\u00e9s.<\/li>\n\n\n\n<li><strong>Cookies persistants :<\/strong>\u00a0ils restent sur votre ordinateur jusqu&rsquo;\u00e0 une certaine date.<\/li>\n<\/ul>\n\n<p><strong>Liste des cookies utilis\u00e9s sur notre site Web<\/strong><\/p>\n\n<ul class=\"wp-block-list\">\n<li><strong>Cookies propres :<\/strong>\u00a0Il s&rsquo;agit de cookies g\u00e9n\u00e9r\u00e9s par le site Web lui-m\u00eame qui est visit\u00e9. Ils peuvent \u00eatre utilis\u00e9s \u00e0 des fins techniques (\u00e9galement appel\u00e9s strictement n\u00e9cessaires) car ils sont n\u00e9cessaires au bon fonctionnement du site Web ou \u00e0 la personnalisation permettant \u00e0 l&rsquo;utilisateur de configurer des aspects tels que la langue du site Web, etc.<\/li>\n\n\n\n<li><strong>Cookies de tiers :<\/strong>\u00a0En cliquant sur le bouton \u00ab\u00a0J&rsquo;accepte\u00a0\u00bb, ils feront en sorte que la fen\u00eatre d&rsquo;avertissement ne s&rsquo;affiche pas \u00e0 l&rsquo;\u00e9cran chaque fois que vous acc\u00e9dez \u00e0 notre site Web.<\/li>\n<\/ul>\n\n<ul class=\"wp-block-list\">\n<li><strong>Cookies analytiques :<\/strong>\u00a0Ce type de cookie est utilis\u00e9 pour collecter des donn\u00e9es statistiques sur l&rsquo;activit\u00e9 du site \u00e0 l&rsquo;aide de Google Analytics afin d&rsquo;assurer le meilleur service possible \u00e0 l&rsquo;utilisateur.<\/li>\n<\/ul>\n\n<p>Si vous souhaitez obtenir plus d&rsquo;informations sur les types de cookies utilis\u00e9s par Google et sur la mani\u00e8re dont ils sont utilis\u00e9s, veuillez consulter le lien suivant :\u00a0<a href=\"http:\/\/www.google.es\/intl\/es\/policies\/technologies\/cookies\/\" target=\"_blank\" rel=\"noreferrer noopener\">www.google.es\/intl\/es\/policies\/technologies\/cookies\/<\/a><\/p>\n\n<p><strong>Garanties et options concernant les cookies<\/strong><\/p>\n\n<p>\u00c0 tout moment, et au moins lors de l&rsquo;installation ou de la mise \u00e0 jour du navigateur, l&rsquo;utilisateur a la possibilit\u00e9 d&rsquo;accepter ou de refuser l&rsquo;installation de cookies, ou de refuser l&rsquo;installation d&rsquo;un certain type de cookies, tels que les cookies de tiers, et apr\u00e8s chaque session de supprimer tout ou partie des cookies stock\u00e9s.<\/p>\n\n<p>L&rsquo;utilisateur peut \u00e9galement activer :<\/p>\n\n<ul class=\"wp-block-list\">\n<li><strong>la navigation priv\u00e9e :<\/strong>\u00a0Votre navigateur cesse de sauvegarder l&rsquo;historique de votre navigation, les mots de passe des sites Web, les cookies et d&rsquo;autres informations provenant des pages que vous visitez.<\/li>\n\n\n\n<li><strong>La fonction \u00ab\u00a0Ne pas suivre\u00a0\u00bb :<\/strong>\u00a0Le navigateur demande aux sites Web que vous visitez de ne pas suivre vos habitudes de navigation, par exemple pour vous proposer des publicit\u00e9s qui vous int\u00e9ressent sur les sites que vous visitez.<\/li>\n<\/ul>\n\n<p>Nous vous recommandons de consulter l&rsquo;aide de votre navigateur pour conna\u00eetre les diff\u00e9rentes options de gestion des cookies.<\/p>\n\n<p>Vous trouverez ci-dessous les liens permettant de g\u00e9rer les cookies dans les navigateurs les plus pertinents :<\/p>\n\n<ul class=\"wp-block-list\">\n<li><strong>Internet Explorer :<\/strong>\u00a0<a href=\"http:\/\/windows.microsoft.com\/es-ES\/windows-vista\/Block-or-allow-cookies\">https:\/\/support.microsoft.com\/fr-fr\/windows\/supprimer-et-g%C3%A9rer-les-cookies-168dab11-0753-043d-7c16-ede5947fc64d<\/a><\/li>\n\n\n\n<li><strong>Firefox :<\/strong>\u00a0<a href=\"http:\/\/support.mozilla.org\/es\/kb\/habilitar-y-deshabilitar-cookies-que-los-sitios-we\">support.mozilla.org\/es\/kb\/habilitar-y-deshabilitar-cookies-que-los-sitios-we<\/a><\/li>\n\n\n\n<li><strong>Safari :<\/strong>\u00a0<a href=\"http:\/\/support.apple.com\/kb\/HT1677?viewlocale=es_ES&amp;locale=es_ES\">https:\/\/support.apple.com\/fr-fr\/HT201265<\/a><\/li>\n\n\n\n<li><strong>Google Chrome :<\/strong>\u00a0<a href=\"http:\/\/support.google.com\/chrome\/answer\/95647?hl=es\">https:\/\/support.google.com\/chrome\/answer\/95647?hl=fr<\/a><\/li>\n<\/ul>\n\n<p>Veuillez noter que le blocage des cookies peut affecter tout ou partie des fonctionnalit\u00e9s de notre site Web.<\/p>\n\n<p>Les cookies utilis\u00e9s sur notre site Web sont \u00e9num\u00e9r\u00e9s ci-dessous :<\/p>\n\n<figure class=\"wp-block-table\"><table><tbody><tr><td><strong>NOM<\/strong><\/td><td><strong>DOMAINE<\/strong><\/td><td><strong>OBJECTIF<\/strong><\/td><\/tr><tr><td><br\/>NID<br\/>PREF<br\/>_utma<br\/>_utmb<br\/>_utmc<br\/>_utmt<br\/>_utmz<br\/>APISID<br\/>CONSENT<br\/>HSID<br\/>SAPISID<br\/>SSID<br\/><\/td><td><strong>google.com<\/strong><\/td><td>Ce type de cookie est utilis\u00e9 pour collecter des donn\u00e9es statistiques sur l&rsquo;activit\u00e9 du site \u00e0 l&rsquo;aide de Google Analytics.<\/td><\/tr><tr><td><br\/>cookiesDirective<\/td><td><strong>cookiesdirective.com<\/strong><\/td><td>L&rsquo;utilisateur recevra un avertissement indiquant que le site utilise des cookies chaque fois qu&rsquo;il acc\u00e8dera \u00e0 une nouvelle page du site, car le navigateur ne sera pas en mesure de se souvenir de la r\u00e9ponse \u00e0 cet avertissement qui s&rsquo;est produite pr\u00e9c\u00e9demment. L&rsquo;acceptation de ces cookies signifie que vous pouvez continuer \u00e0 utiliser les services du site Web sans restriction.<\/td><\/tr><\/tbody><\/table><\/figure>\n\n<p><\/p>\n","protected":false},"excerpt":{"rendered":"<p>Ce site Web utilise ses propres cookies, des cookies de tiers et des cookies analytiques strictement n\u00e9cessaires pour optimiser la navigation et am\u00e9liorer l&rsquo;exp\u00e9rience de l&rsquo;utilisateur. En naviguant simplement (avec le navigateur activ\u00e9 pour accepter les cookies), l&rsquo;utilisateur accepte l&rsquo;installation de cookies, \u00e0 moins qu&rsquo;il ne s&rsquo;y oppose, comme indiqu\u00e9 dans la pr\u00e9sente Politique en [&hellip;]<\/p>\n","protected":false},"author":2,"featured_media":0,"parent":0,"menu_order":0,"comment_status":"closed","ping_status":"closed","template":"page-full-width.php","meta":{"footnotes":""},"class_list":["post-20342","page","type-page","status-publish","hentry"],"yoast_head":"<!-- This site is optimized with the Yoast SEO plugin v21.5 - https:\/\/yoast.com\/wordpress\/plugins\/seo\/ -->\n<title>Politique en mati\u00e8re de cookies - VIMAX<\/title>\n<meta name=\"description\" content=\"Ce site Web utilise ses propres cookies, des cookies de tiers et des cookies analytiques strictement n\u00e9cessaires pour optimiser la navigation et am\u00e9liorer l&#039;exp\u00e9rience de l&#039;utilisateur.\" \/>\n<meta name=\"robots\" content=\"index, follow, max-snippet:-1, max-image-preview:large, max-video-preview:-1\" \/>\n<link rel=\"canonical\" href=\"https:\/\/vimaxlens.com\/fr\/politique-en-matiere-de-cookies\/\" \/>\n<meta property=\"og:locale\" content=\"fr_FR\" \/>\n<meta property=\"og:type\" content=\"article\" \/>\n<meta property=\"og:title\" content=\"Politique en mati\u00e8re de cookies - VIMAX\" \/>\n<meta property=\"og:description\" content=\"Ce site Web utilise ses propres cookies, des cookies de tiers et des cookies analytiques strictement n\u00e9cessaires pour optimiser la navigation et am\u00e9liorer l&#039;exp\u00e9rience de l&#039;utilisateur.\" \/>\n<meta property=\"og:url\" content=\"https:\/\/vimaxlens.com\/fr\/politique-en-matiere-de-cookies\/\" \/>\n<meta property=\"og:site_name\" content=\"VIMAX\" \/>\n<meta property=\"article:publisher\" content=\"https:\/\/www.facebook.com\/vimaxlens\" \/>\n<meta property=\"article:modified_time\" content=\"2023-09-08T14:59:02+00:00\" \/>\n<meta property=\"og:image\" content=\"https:\/\/vimaxlens.com\/wp-content\/uploads\/2023\/05\/usos-vision-abecera-e1684492949294.png\" \/>\n\t<meta property=\"og:image:width\" content=\"1399\" \/>\n\t<meta property=\"og:image:height\" content=\"689\" \/>\n\t<meta property=\"og:image:type\" content=\"image\/png\" \/>\n<meta name=\"twitter:card\" content=\"summary_large_image\" \/>\n<meta name=\"twitter:label1\" content=\"Dur\u00e9e de lecture estim\u00e9e\" \/>\n\t<meta name=\"twitter:data1\" content=\"4 minutes\" \/>\n<script type=\"application\/ld+json\" class=\"yoast-schema-graph\">{\"@context\":\"https:\/\/schema.org\",\"@graph\":[{\"@type\":\"WebPage\",\"@id\":\"https:\/\/vimaxlens.com\/fr\/politique-en-matiere-de-cookies\/\",\"url\":\"https:\/\/vimaxlens.com\/fr\/politique-en-matiere-de-cookies\/\",\"name\":\"Politique en mati\u00e8re de cookies - VIMAX\",\"isPartOf\":{\"@id\":\"https:\/\/vimaxlens.com\/fr\/#website\"},\"datePublished\":\"2023-07-26T11:51:25+00:00\",\"dateModified\":\"2023-09-08T14:59:02+00:00\",\"description\":\"Ce site Web utilise ses propres cookies, des cookies de tiers et des cookies analytiques strictement n\u00e9cessaires pour optimiser la navigation et am\u00e9liorer l'exp\u00e9rience de l'utilisateur.\",\"breadcrumb\":{\"@id\":\"https:\/\/vimaxlens.com\/fr\/politique-en-matiere-de-cookies\/#breadcrumb\"},\"inLanguage\":\"fr-FR\",\"potentialAction\":[{\"@type\":\"ReadAction\",\"target\":[\"https:\/\/vimaxlens.com\/fr\/politique-en-matiere-de-cookies\/\"]}]},{\"@type\":\"BreadcrumbList\",\"@id\":\"https:\/\/vimaxlens.com\/fr\/politique-en-matiere-de-cookies\/#breadcrumb\",\"itemListElement\":[{\"@type\":\"ListItem\",\"position\":1,\"name\":\"Portada\",\"item\":\"https:\/\/vimaxlens.com\/fr\/\"},{\"@type\":\"ListItem\",\"position\":2,\"name\":\"Politique en mati\u00e8re de cookies\"}]},{\"@type\":\"WebSite\",\"@id\":\"https:\/\/vimaxlens.com\/fr\/#website\",\"url\":\"https:\/\/vimaxlens.com\/fr\/\",\"name\":\"VIMAX\",\"description\":\"Vision to the max\",\"publisher\":{\"@id\":\"https:\/\/vimaxlens.com\/fr\/#organization\"},\"alternateName\":\"VIMAX\",\"potentialAction\":[{\"@type\":\"SearchAction\",\"target\":{\"@type\":\"EntryPoint\",\"urlTemplate\":\"https:\/\/vimaxlens.com\/fr\/?s={search_term_string}\"},\"query-input\":\"required name=search_term_string\"}],\"inLanguage\":\"fr-FR\"},{\"@type\":\"Organization\",\"@id\":\"https:\/\/vimaxlens.com\/fr\/#organization\",\"name\":\"VIMAX\",\"alternateName\":\"VIMAX\",\"url\":\"https:\/\/vimaxlens.com\/fr\/\",\"logo\":{\"@type\":\"ImageObject\",\"inLanguage\":\"fr-FR\",\"@id\":\"https:\/\/vimaxlens.com\/fr\/#\/schema\/logo\/image\/\",\"url\":\"https:\/\/vimaxlens.com\/wp-content\/uploads\/2023\/05\/favicon.jpg\",\"contentUrl\":\"https:\/\/vimaxlens.com\/wp-content\/uploads\/2023\/05\/favicon.jpg\",\"width\":282,\"height\":284,\"caption\":\"VIMAX\"},\"image\":{\"@id\":\"https:\/\/vimaxlens.com\/fr\/#\/schema\/logo\/image\/\"},\"sameAs\":[\"https:\/\/www.facebook.com\/vimaxlens\",\"https:\/\/www.instagram.com\/Vimaxlens\/\"]}]}<\/script>\n<!-- \/ Yoast SEO plugin. -->","yoast_head_json":{"title":"Politique en mati\u00e8re de cookies - VIMAX","description":"Ce site Web utilise ses propres cookies, des cookies de tiers et des cookies analytiques strictement n\u00e9cessaires pour optimiser la navigation et am\u00e9liorer l'exp\u00e9rience de l'utilisateur.","robots":{"index":"index","follow":"follow","max-snippet":"max-snippet:-1","max-image-preview":"max-image-preview:large","max-video-preview":"max-video-preview:-1"},"canonical":"https:\/\/vimaxlens.com\/fr\/politique-en-matiere-de-cookies\/","og_locale":"fr_FR","og_type":"article","og_title":"Politique en mati\u00e8re de cookies - VIMAX","og_description":"Ce site Web utilise ses propres cookies, des cookies de tiers et des cookies analytiques strictement n\u00e9cessaires pour optimiser la navigation et am\u00e9liorer l'exp\u00e9rience de l'utilisateur.","og_url":"https:\/\/vimaxlens.com\/fr\/politique-en-matiere-de-cookies\/","og_site_name":"VIMAX","article_publisher":"https:\/\/www.facebook.com\/vimaxlens","article_modified_time":"2023-09-08T14:59:02+00:00","og_image":[{"width":1399,"height":689,"url":"https:\/\/vimaxlens.com\/wp-content\/uploads\/2023\/05\/usos-vision-abecera-e1684492949294.png","type":"image\/png"}],"twitter_card":"summary_large_image","twitter_misc":{"Dur\u00e9e de lecture estim\u00e9e":"4 minutes"},"schema":{"@context":"https:\/\/schema.org","@graph":[{"@type":"WebPage","@id":"https:\/\/vimaxlens.com\/fr\/politique-en-matiere-de-cookies\/","url":"https:\/\/vimaxlens.com\/fr\/politique-en-matiere-de-cookies\/","name":"Politique en mati\u00e8re de cookies - VIMAX","isPartOf":{"@id":"https:\/\/vimaxlens.com\/fr\/#website"},"datePublished":"2023-07-26T11:51:25+00:00","dateModified":"2023-09-08T14:59:02+00:00","description":"Ce site Web utilise ses propres cookies, des cookies de tiers et des cookies analytiques strictement n\u00e9cessaires pour optimiser la navigation et am\u00e9liorer l'exp\u00e9rience de l'utilisateur.","breadcrumb":{"@id":"https:\/\/vimaxlens.com\/fr\/politique-en-matiere-de-cookies\/#breadcrumb"},"inLanguage":"fr-FR","potentialAction":[{"@type":"ReadAction","target":["https:\/\/vimaxlens.com\/fr\/politique-en-matiere-de-cookies\/"]}]},{"@type":"BreadcrumbList","@id":"https:\/\/vimaxlens.com\/fr\/politique-en-matiere-de-cookies\/#breadcrumb","itemListElement":[{"@type":"ListItem","position":1,"name":"Portada","item":"https:\/\/vimaxlens.com\/fr\/"},{"@type":"ListItem","position":2,"name":"Politique en mati\u00e8re de cookies"}]},{"@type":"WebSite","@id":"https:\/\/vimaxlens.com\/fr\/#website","url":"https:\/\/vimaxlens.com\/fr\/","name":"VIMAX","description":"Vision to the max","publisher":{"@id":"https:\/\/vimaxlens.com\/fr\/#organization"},"alternateName":"VIMAX","potentialAction":[{"@type":"SearchAction","target":{"@type":"EntryPoint","urlTemplate":"https:\/\/vimaxlens.com\/fr\/?s={search_term_string}"},"query-input":"required name=search_term_string"}],"inLanguage":"fr-FR"},{"@type":"Organization","@id":"https:\/\/vimaxlens.com\/fr\/#organization","name":"VIMAX","alternateName":"VIMAX","url":"https:\/\/vimaxlens.com\/fr\/","logo":{"@type":"ImageObject","inLanguage":"fr-FR","@id":"https:\/\/vimaxlens.com\/fr\/#\/schema\/logo\/image\/","url":"https:\/\/vimaxlens.com\/wp-content\/uploads\/2023\/05\/favicon.jpg","contentUrl":"https:\/\/vimaxlens.com\/wp-content\/uploads\/2023\/05\/favicon.jpg","width":282,"height":284,"caption":"VIMAX"},"image":{"@id":"https:\/\/vimaxlens.com\/fr\/#\/schema\/logo\/image\/"},"sameAs":["https:\/\/www.facebook.com\/vimaxlens","https:\/\/www.instagram.com\/Vimaxlens\/"]}]}},"_links":{"self":[{"href":"https:\/\/vimaxlens.com\/fr\/wp-json\/wp\/v2\/pages\/20342","targetHints":{"allow":["GET"]}}],"collection":[{"href":"https:\/\/vimaxlens.com\/fr\/wp-json\/wp\/v2\/pages"}],"about":[{"href":"https:\/\/vimaxlens.com\/fr\/wp-json\/wp\/v2\/types\/page"}],"author":[{"embeddable":true,"href":"https:\/\/vimaxlens.com\/fr\/wp-json\/wp\/v2\/users\/2"}],"replies":[{"embeddable":true,"href":"https:\/\/vimaxlens.com\/fr\/wp-json\/wp\/v2\/comments?post=20342"}],"version-history":[{"count":1,"href":"https:\/\/vimaxlens.com\/fr\/wp-json\/wp\/v2\/pages\/20342\/revisions"}],"predecessor-version":[{"id":20343,"href":"https:\/\/vimaxlens.com\/fr\/wp-json\/wp\/v2\/pages\/20342\/revisions\/20343"}],"wp:attachment":[{"href":"https:\/\/vimaxlens.com\/fr\/wp-json\/wp\/v2\/media?parent=20342"}],"curies":[{"name":"wp","href":"https:\/\/api.w.org\/{rel}","templated":true}]}}