{"id":20654,"date":"2023-07-26T11:51:25","date_gmt":"2023-07-26T11:51:25","guid":{"rendered":"https:\/\/vimaxlens.com\/politica-de-cookies\/"},"modified":"2023-09-12T07:42:54","modified_gmt":"2023-09-12T07:42:54","slug":"politica-de-cookies","status":"publish","type":"page","link":"https:\/\/vimaxlens.com\/pt-pt\/politica-de-cookies\/","title":{"rendered":"Pol\u00edtica de cookies"},"content":{"rendered":"\n<p>Este site utiliza cookies pr\u00f3prios, de terceiros e anal\u00edticos estritamente necess\u00e1rios para otimizar a navega\u00e7\u00e3o e melhorar a experi\u00eancia do utilizador.<\/p>\n\n<p>Ao navegar neste site (com o navegador habilitado para aceitar cookies), o utilizador aceita a instala\u00e7\u00e3o de cookies, a menos que se oponha, conforme especificado nesta Pol\u00edtica de cookies.<\/p>\n\n<p>Caso queira obter mais informa\u00e7\u00f5es sobre os cookies que utilizamos no site, poder\u00e1 enviar uma mensagem para o seguinte email:\u00a0<a href=\"mailto:grupoprats@grupoprats.info\">grupoprats@grupoprats.info<\/a><\/p>\n\n<p><strong>O que \u00e9 um cookie?<\/strong><\/p>\n\n<p>Um &#8220;Cookie&#8221; \u00e9 um pequeno arquivo de texto que um site armazena no navegador do utilizador. Os cookies facilitam o uso do site e a navega\u00e7\u00e3o no mesmo. S\u00e3o essenciais para o funcionamento da internet, proporcionando in\u00fameras vantagens na presta\u00e7\u00e3o de servi\u00e7os interativos.<\/p>\n\n<p>Os cookies s\u00e3o usados, por exemplo, para gerir a sess\u00e3o do utilizador (reduzindo o n\u00famero de vezes que ele precisa de inserir a palavra-passe), melhorar os servi\u00e7os oferecidos ou adequar o conte\u00fado de um site \u00e0s suas prefer\u00eancias.<\/p>\n\n<p>Existem diversos tipos de cookies:<\/p>\n\n<ul class=\"wp-block-list\">\n<li><strong>Cookies de sess\u00e3o:<\/strong> s\u00e3o apagados assim que o utilizador sai do site que os gerou.<\/li>\n\n\n\n<li><strong>Cookies persistentes:<\/strong> que permanecem no seu computador at\u00e9 uma data espec\u00edfica.<\/li>\n<\/ul>\n\n<p><strong>Lista de cookies utilizados no nosso site<\/strong><\/p>\n\n<ul class=\"wp-block-list\">\n<li><strong>Cookies pr\u00f3prios:<\/strong>\u00a0S\u00e3o cookies gerados pelo pr\u00f3prio site que est\u00e1 a ser visitado. Podem ser usados para fins t\u00e9cnicos (tamb\u00e9m chamados de estritamente necess\u00e1rios), sendo necess\u00e1rios para o correto funcionamento do site, ou para personaliza\u00e7\u00e3o, permitindo que o utilizador configure aspetos como a l\u00edngua do site, entre outros.<\/li>\n\n\n\n<li><strong>Cookies de terceiros:<\/strong>\u00a0Como, por exemplo, os utilizados para a aceita\u00e7\u00e3o da nossa pol\u00edtica de cookies. Ao clicar no bot\u00e3o &#8220;Aceito&#8221;, fazem com que a caixa de aviso n\u00e3o seja exibida no ecr\u00e3 sempre que entrar no nosso site.<\/li>\n<\/ul>\n\n<ul class=\"wp-block-list\">\n<li><strong>Cookies anal\u00edticos:<\/strong>\u00a0Este tipo de cookies \u00e9 usado para compilar dados estat\u00edsticos da atividade no site por meio do Google Analytics, com o objetivo de garantir o melhor servi\u00e7o poss\u00edvel ao utilizador.<\/li>\n<\/ul>\n\n<p>Se desejar obter mais informa\u00e7\u00f5es sobre o tipo de cookies que o Google utiliza e como o faz, pode visitar o link seguinte:\u00a0<a href=\"http:\/\/www.google.es\/intl\/es\/policies\/technologies\/cookies\/\" target=\"_blank\" rel=\"noreferrer noopener\">www.google.es\/intl\/es\/policies\/technologies\/cookies\/<\/a><\/p>\n\n<p><strong>Garantias e op\u00e7\u00f5es sobre cookies<\/strong><\/p>\n\n<p>Em qualquer altura, e pelo menos durante a instala\u00e7\u00e3o ou atualiza\u00e7\u00e3o do navegador, o utilizador tem a possibilidade de aceitar ou recusar a instala\u00e7\u00e3o de cookies, ou recusar a instala\u00e7\u00e3o de um determinado tipo de cookies, como os cookies de terceiros. Al\u00e9m disso, ap\u00f3s cada sess\u00e3o, \u00e9 poss\u00edvel excluir todos ou alguns dos cookies armazenados.<\/p>\n\n<p>O utilizador tamb\u00e9m pode ativar:<\/p>\n\n<ul class=\"wp-block-list\">\n<li><strong>A navega\u00e7\u00e3o privada:<\/strong>\u00a0Por meio da qual o navegador deixa de armazenar o hist\u00f3rico de navega\u00e7\u00e3o, palavras-passe de sites, cookies e outras informa\u00e7\u00f5es das p\u00e1ginas visitadas.<\/li>\n\n\n\n<li><strong>A fun\u00e7\u00e3o &#8220;N\u00e3o rastrear&#8221;:<\/strong>\u00a0Pela qual o navegador pede aos sites visitados que n\u00e3o rastreiem os seus h\u00e1bitos de navega\u00e7\u00e3o para, por exemplo, exibir an\u00fancios do seu interesse nos sites visitados.<\/li>\n<\/ul>\n\n<p>Recomendamos que consulte a ajuda do seu navegador para obter informa\u00e7\u00f5es sobre as diferentes op\u00e7\u00f5es de gest\u00e3o de cookies.<\/p>\n\n<p>A seguir, inclu\u00edmos os links para gerir cookies nos navegadores mais relevantes:<\/p>\n\n<ul class=\"wp-block-list\">\n<li><strong>Internet Explorer:<\/strong>\u00a0<a href=\"http:\/\/windows.microsoft.com\/es-ES\/windows-vista\/Block-or-allow-cookies\">windows.microsoft.com\/es-ES\/windows-vista\/Block-or-allow-cookies<\/a><\/li>\n\n\n\n<li><strong>Firefox:<\/strong>\u00a0<a href=\"http:\/\/support.mozilla.org\/es\/kb\/habilitar-y-deshabilitar-cookies-que-los-sitios-we\">support.mozilla.org\/es\/kb\/habilitar-y-deshabilitar-cookies-que-los-sitios-we<\/a><\/li>\n\n\n\n<li><strong>Safari:<\/strong>\u00a0<a href=\"http:\/\/support.apple.com\/kb\/HT1677?viewlocale=es_ES&amp;locale=es_ES\">support.apple.com\/kb\/HT1677?viewlocale=es_ES&amp;locale=es_ES<\/a><\/li>\n\n\n\n<li><strong>Google Chrome:<\/strong>\u00a0<a href=\"http:\/\/support.google.com\/chrome\/answer\/95647?hl=es\">support.google.com\/chrome\/answer\/95647?hl=es<\/a><\/li>\n<\/ul>\n\n<p>Tenha em mente que o bloqueio de cookies pode afetar todas ou algumas das funcionalidades do nosso site.<\/p>\n\n<p>A seguir, especificamos os cookies utilizados no nosso site:<\/p>\n\n<figure class=\"wp-block-table\"><table><tbody><tr><td><strong>NOME<\/strong><\/td><td><strong>DOM\u00cdNIO<\/strong><\/td><td><strong>FINALIDADE<\/strong><\/td><\/tr><tr><td><br\/>NID<br\/>PREF<br\/>_utma<br\/>_utmb<br\/>_utmc<br\/>_utmt<br\/>_utmz<br\/>APISID<br\/>CONSENT<br\/>HSID<br\/>SAPISID<br\/>SSID<br\/><\/td><td><strong>google.com<\/strong><\/td><td>Este tipo de cookies \u00e9 usado para compilar dados estat\u00edsticos da atividade no site por meio do Google Analytics.<\/td><\/tr><tr><td><br\/>cookiesDirective<\/td><td><strong>cookiesdirective.com<\/strong><\/td><td>O utilizador ir\u00e1 receber um aviso de que o site est\u00e1 a usar cookies sempre que entrar numa nova p\u00e1gina do site, uma vez que o navegador n\u00e3o poder\u00e1 lembrar a resposta a esse aviso que tiver sido dada anteriormente. A aceita\u00e7\u00e3o destes cookies significa que voc\u00ea pode continuar a usar os servi\u00e7os do site sem restri\u00e7\u00f5es.<\/td><\/tr><\/tbody><\/table><\/figure>\n\n<p><\/p>\n","protected":false},"excerpt":{"rendered":"<p>Este site utiliza cookies pr\u00f3prios, de terceiros e anal\u00edticos estritamente necess\u00e1rios para otimizar a navega\u00e7\u00e3o e melhorar a experi\u00eancia do utilizador. Ao navegar neste site (com o navegador habilitado para aceitar cookies), o utilizador aceita a instala\u00e7\u00e3o de cookies, a menos que se oponha, conforme especificado nesta Pol\u00edtica de cookies. Caso queira obter mais informa\u00e7\u00f5es [&hellip;]<\/p>\n","protected":false},"author":2,"featured_media":0,"parent":0,"menu_order":0,"comment_status":"closed","ping_status":"closed","template":"page-full-width.php","meta":{"footnotes":""},"class_list":["post-20654","page","type-page","status-publish","hentry"],"yoast_head":"<!-- This site is optimized with the Yoast SEO plugin v21.5 - https:\/\/yoast.com\/wordpress\/plugins\/seo\/ -->\n<title>Pol\u00edtica de cookies - VIMAX<\/title>\n<meta name=\"description\" content=\"Este site utiliza cookies pr\u00f3prios, de terceiros e anal\u00edticos estritamente necess\u00e1rios para otimizar a navega\u00e7\u00e3o e melhorar a experi\u00eancia do utilizador.\" \/>\n<meta name=\"robots\" content=\"index, follow, max-snippet:-1, max-image-preview:large, max-video-preview:-1\" \/>\n<link rel=\"canonical\" href=\"https:\/\/vimaxlens.com\/pt-pt\/politica-de-cookies\/\" \/>\n<meta property=\"og:locale\" content=\"pt_PT\" \/>\n<meta property=\"og:type\" content=\"article\" \/>\n<meta property=\"og:title\" content=\"Pol\u00edtica de cookies - VIMAX\" \/>\n<meta property=\"og:description\" content=\"Este site utiliza cookies pr\u00f3prios, de terceiros e anal\u00edticos estritamente necess\u00e1rios para otimizar a navega\u00e7\u00e3o e melhorar a experi\u00eancia do utilizador.\" \/>\n<meta property=\"og:url\" content=\"https:\/\/vimaxlens.com\/pt-pt\/politica-de-cookies\/\" \/>\n<meta property=\"og:site_name\" content=\"VIMAX\" \/>\n<meta property=\"article:publisher\" content=\"https:\/\/www.facebook.com\/vimaxlens\" \/>\n<meta property=\"article:modified_time\" content=\"2023-09-12T07:42:54+00:00\" \/>\n<meta property=\"og:image\" content=\"https:\/\/vimaxlens.com\/wp-content\/uploads\/2023\/05\/usos-vision-abecera-e1684492949294.png\" \/>\n\t<meta property=\"og:image:width\" content=\"1399\" \/>\n\t<meta property=\"og:image:height\" content=\"689\" \/>\n\t<meta property=\"og:image:type\" content=\"image\/png\" \/>\n<meta name=\"twitter:card\" content=\"summary_large_image\" \/>\n<meta name=\"twitter:label1\" content=\"Tempo estimado de leitura\" \/>\n\t<meta name=\"twitter:data1\" content=\"4 minutos\" \/>\n<script type=\"application\/ld+json\" class=\"yoast-schema-graph\">{\"@context\":\"https:\/\/schema.org\",\"@graph\":[{\"@type\":\"WebPage\",\"@id\":\"https:\/\/vimaxlens.com\/pt-pt\/politica-de-cookies\/\",\"url\":\"https:\/\/vimaxlens.com\/pt-pt\/politica-de-cookies\/\",\"name\":\"Pol\u00edtica de cookies - VIMAX\",\"isPartOf\":{\"@id\":\"https:\/\/vimaxlens.com\/pt-pt\/#website\"},\"datePublished\":\"2023-07-26T11:51:25+00:00\",\"dateModified\":\"2023-09-12T07:42:54+00:00\",\"description\":\"Este site utiliza cookies pr\u00f3prios, de terceiros e anal\u00edticos estritamente necess\u00e1rios para otimizar a navega\u00e7\u00e3o e melhorar a experi\u00eancia do utilizador.\",\"breadcrumb\":{\"@id\":\"https:\/\/vimaxlens.com\/pt-pt\/politica-de-cookies\/#breadcrumb\"},\"inLanguage\":\"pt-PT\",\"potentialAction\":[{\"@type\":\"ReadAction\",\"target\":[\"https:\/\/vimaxlens.com\/pt-pt\/politica-de-cookies\/\"]}]},{\"@type\":\"BreadcrumbList\",\"@id\":\"https:\/\/vimaxlens.com\/pt-pt\/politica-de-cookies\/#breadcrumb\",\"itemListElement\":[{\"@type\":\"ListItem\",\"position\":1,\"name\":\"Portada\",\"item\":\"https:\/\/vimaxlens.com\/pt-pt\/\"},{\"@type\":\"ListItem\",\"position\":2,\"name\":\"Pol\u00edtica de cookies\"}]},{\"@type\":\"WebSite\",\"@id\":\"https:\/\/vimaxlens.com\/pt-pt\/#website\",\"url\":\"https:\/\/vimaxlens.com\/pt-pt\/\",\"name\":\"VIMAX\",\"description\":\"Vision to the max\",\"publisher\":{\"@id\":\"https:\/\/vimaxlens.com\/pt-pt\/#organization\"},\"alternateName\":\"VIMAX\",\"potentialAction\":[{\"@type\":\"SearchAction\",\"target\":{\"@type\":\"EntryPoint\",\"urlTemplate\":\"https:\/\/vimaxlens.com\/pt-pt\/?s={search_term_string}\"},\"query-input\":\"required name=search_term_string\"}],\"inLanguage\":\"pt-PT\"},{\"@type\":\"Organization\",\"@id\":\"https:\/\/vimaxlens.com\/pt-pt\/#organization\",\"name\":\"VIMAX\",\"alternateName\":\"VIMAX\",\"url\":\"https:\/\/vimaxlens.com\/pt-pt\/\",\"logo\":{\"@type\":\"ImageObject\",\"inLanguage\":\"pt-PT\",\"@id\":\"https:\/\/vimaxlens.com\/pt-pt\/#\/schema\/logo\/image\/\",\"url\":\"https:\/\/vimaxlens.com\/wp-content\/uploads\/2023\/05\/favicon.jpg\",\"contentUrl\":\"https:\/\/vimaxlens.com\/wp-content\/uploads\/2023\/05\/favicon.jpg\",\"width\":282,\"height\":284,\"caption\":\"VIMAX\"},\"image\":{\"@id\":\"https:\/\/vimaxlens.com\/pt-pt\/#\/schema\/logo\/image\/\"},\"sameAs\":[\"https:\/\/www.facebook.com\/vimaxlens\",\"https:\/\/www.instagram.com\/Vimaxlens\/\"]}]}<\/script>\n<!-- \/ Yoast SEO plugin. -->","yoast_head_json":{"title":"Pol\u00edtica de cookies - VIMAX","description":"Este site utiliza cookies pr\u00f3prios, de terceiros e anal\u00edticos estritamente necess\u00e1rios para otimizar a navega\u00e7\u00e3o e melhorar a experi\u00eancia do utilizador.","robots":{"index":"index","follow":"follow","max-snippet":"max-snippet:-1","max-image-preview":"max-image-preview:large","max-video-preview":"max-video-preview:-1"},"canonical":"https:\/\/vimaxlens.com\/pt-pt\/politica-de-cookies\/","og_locale":"pt_PT","og_type":"article","og_title":"Pol\u00edtica de cookies - VIMAX","og_description":"Este site utiliza cookies pr\u00f3prios, de terceiros e anal\u00edticos estritamente necess\u00e1rios para otimizar a navega\u00e7\u00e3o e melhorar a experi\u00eancia do utilizador.","og_url":"https:\/\/vimaxlens.com\/pt-pt\/politica-de-cookies\/","og_site_name":"VIMAX","article_publisher":"https:\/\/www.facebook.com\/vimaxlens","article_modified_time":"2023-09-12T07:42:54+00:00","og_image":[{"width":1399,"height":689,"url":"https:\/\/vimaxlens.com\/wp-content\/uploads\/2023\/05\/usos-vision-abecera-e1684492949294.png","type":"image\/png"}],"twitter_card":"summary_large_image","twitter_misc":{"Tempo estimado de leitura":"4 minutos"},"schema":{"@context":"https:\/\/schema.org","@graph":[{"@type":"WebPage","@id":"https:\/\/vimaxlens.com\/pt-pt\/politica-de-cookies\/","url":"https:\/\/vimaxlens.com\/pt-pt\/politica-de-cookies\/","name":"Pol\u00edtica de cookies - VIMAX","isPartOf":{"@id":"https:\/\/vimaxlens.com\/pt-pt\/#website"},"datePublished":"2023-07-26T11:51:25+00:00","dateModified":"2023-09-12T07:42:54+00:00","description":"Este site utiliza cookies pr\u00f3prios, de terceiros e anal\u00edticos estritamente necess\u00e1rios para otimizar a navega\u00e7\u00e3o e melhorar a experi\u00eancia do utilizador.","breadcrumb":{"@id":"https:\/\/vimaxlens.com\/pt-pt\/politica-de-cookies\/#breadcrumb"},"inLanguage":"pt-PT","potentialAction":[{"@type":"ReadAction","target":["https:\/\/vimaxlens.com\/pt-pt\/politica-de-cookies\/"]}]},{"@type":"BreadcrumbList","@id":"https:\/\/vimaxlens.com\/pt-pt\/politica-de-cookies\/#breadcrumb","itemListElement":[{"@type":"ListItem","position":1,"name":"Portada","item":"https:\/\/vimaxlens.com\/pt-pt\/"},{"@type":"ListItem","position":2,"name":"Pol\u00edtica de cookies"}]},{"@type":"WebSite","@id":"https:\/\/vimaxlens.com\/pt-pt\/#website","url":"https:\/\/vimaxlens.com\/pt-pt\/","name":"VIMAX","description":"Vision to the max","publisher":{"@id":"https:\/\/vimaxlens.com\/pt-pt\/#organization"},"alternateName":"VIMAX","potentialAction":[{"@type":"SearchAction","target":{"@type":"EntryPoint","urlTemplate":"https:\/\/vimaxlens.com\/pt-pt\/?s={search_term_string}"},"query-input":"required name=search_term_string"}],"inLanguage":"pt-PT"},{"@type":"Organization","@id":"https:\/\/vimaxlens.com\/pt-pt\/#organization","name":"VIMAX","alternateName":"VIMAX","url":"https:\/\/vimaxlens.com\/pt-pt\/","logo":{"@type":"ImageObject","inLanguage":"pt-PT","@id":"https:\/\/vimaxlens.com\/pt-pt\/#\/schema\/logo\/image\/","url":"https:\/\/vimaxlens.com\/wp-content\/uploads\/2023\/05\/favicon.jpg","contentUrl":"https:\/\/vimaxlens.com\/wp-content\/uploads\/2023\/05\/favicon.jpg","width":282,"height":284,"caption":"VIMAX"},"image":{"@id":"https:\/\/vimaxlens.com\/pt-pt\/#\/schema\/logo\/image\/"},"sameAs":["https:\/\/www.facebook.com\/vimaxlens","https:\/\/www.instagram.com\/Vimaxlens\/"]}]}},"_links":{"self":[{"href":"https:\/\/vimaxlens.com\/pt-pt\/wp-json\/wp\/v2\/pages\/20654","targetHints":{"allow":["GET"]}}],"collection":[{"href":"https:\/\/vimaxlens.com\/pt-pt\/wp-json\/wp\/v2\/pages"}],"about":[{"href":"https:\/\/vimaxlens.com\/pt-pt\/wp-json\/wp\/v2\/types\/page"}],"author":[{"embeddable":true,"href":"https:\/\/vimaxlens.com\/pt-pt\/wp-json\/wp\/v2\/users\/2"}],"replies":[{"embeddable":true,"href":"https:\/\/vimaxlens.com\/pt-pt\/wp-json\/wp\/v2\/comments?post=20654"}],"version-history":[{"count":1,"href":"https:\/\/vimaxlens.com\/pt-pt\/wp-json\/wp\/v2\/pages\/20654\/revisions"}],"predecessor-version":[{"id":20655,"href":"https:\/\/vimaxlens.com\/pt-pt\/wp-json\/wp\/v2\/pages\/20654\/revisions\/20655"}],"wp:attachment":[{"href":"https:\/\/vimaxlens.com\/pt-pt\/wp-json\/wp\/v2\/media?parent=20654"}],"curies":[{"name":"wp","href":"https:\/\/api.w.org\/{rel}","templated":true}]}}